{"id":2613,"date":"2020-12-16T14:33:14","date_gmt":"2020-12-16T13:33:14","guid":{"rendered":"https:\/\/goforgerman.de\/go-test\/"},"modified":"2021-10-05T14:03:17","modified_gmt":"2021-10-05T12:03:17","slug":"go-test","status":"publish","type":"page","link":"https:\/\/goforgerman.de\/vi\/go-test\/","title":{"rendered":"Go Test"},"content":{"rendered":"<p>[vc_row][vc_column]\n\t\t\t<!-- START Einstufungstest REVOLUTION SLIDER 6.4.11 --><p class=\"rs-p-wp-fix\"><\/p>\n\t\t\t<rs-module-wrap id=\"rev_slider_15_1_wrapper\" data-source=\"gallery\" style=\"background:transparent;padding:0;margin:0px auto;margin-top:0;margin-bottom:0;max-width:;\">\n\t\t\t\t<rs-module id=\"rev_slider_15_1\" style=\"\" data-version=\"6.4.11\">\n\t\t\t\t\t<rs-slides>\n\t\t\t\t\t\t<rs-slide data-key=\"rs-24\" data-title=\"Slide\" data-anim=\"ms:600;r:0;\" data-in=\"o:0;\" data-out=\"a:false;\">\n\t\t\t\t\t\t\t<img src=\"\/\/goforgerman.de\/wp-content\/uploads\/2021\/02\/3.jpg\" title=\"3\" width=\"1200\" height=\"450\" class=\"rev-slidebg tp-rs-img\" data-bg=\"f:contain;\" data-no-retina>\n<!---->\t\t\t\t\t\t<\/rs-slide>\n\t\t\t\t\t<\/rs-slides>\n\t\t\t\t<\/rs-module>\n\t\t\t\t<script type=\"text\/javascript\">\n\t\t\t\t\tsetREVStartSize({c: 'rev_slider_15_1',rl:[1240,1240,778,480],el:[450,450,300,200],gw:[1200,1200,778,480],gh:[450,450,300,200],type:'hero',justify:'',layout:'fullwidth',mh:\"0\"});\n\t\t\t\t\tvar\trevapi15,\n\t\t\t\t\t\ttpj;\n\t\t\t\t\tfunction revinit_revslider151() {\n\t\t\t\t\tjQuery(function() {\n\t\t\t\t\t\ttpj = jQuery;\n\t\t\t\t\t\trevapi15 = tpj(\"#rev_slider_15_1\");\n\t\t\t\t\t\tif(revapi15==undefined || revapi15.revolution == undefined){\n\t\t\t\t\t\t\trevslider_showDoubleJqueryError(\"rev_slider_15_1\");\n\t\t\t\t\t\t}else{\n\t\t\t\t\t\t\trevapi15.revolution({\n\t\t\t\t\t\t\t\tsliderType:\"hero\",\n\t\t\t\t\t\t\t\tvisibilityLevels:\"1240,1240,778,480\",\n\t\t\t\t\t\t\t\tgridwidth:\"1200,1200,778,480\",\n\t\t\t\t\t\t\t\tgridheight:\"450,450,300,200\",\n\t\t\t\t\t\t\t\tspinner:\"spinner0\",\n\t\t\t\t\t\t\t\tperspective:600,\n\t\t\t\t\t\t\t\tperspectiveType:\"local\",\n\t\t\t\t\t\t\t\teditorheight:\"450,650,300,200\",\n\t\t\t\t\t\t\t\tresponsiveLevels:\"1240,1240,778,480\",\n\t\t\t\t\t\t\t\tprogressBar:{disableProgressBar:true},\n\t\t\t\t\t\t\t\tnavigation: {\n\t\t\t\t\t\t\t\t\tonHoverStop:false\n\t\t\t\t\t\t\t\t},\n\t\t\t\t\t\t\t\tfallbacks: {\n\t\t\t\t\t\t\t\t\tallowHTML5AutoPlayOnAndroid:true\n\t\t\t\t\t\t\t\t},\n\t\t\t\t\t\t\t});\n\t\t\t\t\t\t}\n\t\t\t\t\t\t\n\t\t\t\t\t});\n\t\t\t\t\t} \/\/ End of RevInitScript\n\t\t\t\tvar once_revslider151 = false;\n\t\t\t\tif (document.readyState === \"loading\") {document.addEventListener('readystatechange',function() { if((document.readyState === \"interactive\" || document.readyState === \"complete\") && !once_revslider151 ) { once_revslider151 = true; revinit_revslider151();}});} else {once_revslider151 = true; revinit_revslider151();}\n\t\t\t\t<\/script>\n\t\t\t<\/rs-module-wrap>\n\t\t\t<!-- END REVOLUTION SLIDER -->\n[\/vc_column][\/vc_row][vc_row][vc_column width=&#8221;1\/6&#8243;][\/vc_column][vc_column width=&#8221;2\/3&#8243;][vc_headings style=&#8221;theme2&#8243; linewidth=&#8221;70&#8243; borderwidth=&#8221;3&#8243; borderclr=&#8221;#f9cc57&#8243; title=&#8221;H\u00e3y l\u01b0u \u00fd nh\u1eefng l\u1eddi khuy\u00ean n\u00e0y tr\u01b0\u1edbc khi b\u1ea1n b\u1eaft \u0111\u1ea7u:&#8221; use_theme_fonts=&#8221;yes&#8221; titlesize=&#8221;28&#8243; titleclr=&#8221;#03b3fe&#8221; font_weight=&#8221;700&#8243;][\/vc_headings][info_list_father css=&#8221;.vc_custom_1612353593580{margin-top: 30px !important;margin-bottom: 30px !important;}&#8221;][info_list_son style=&#8221;icon&#8221; height=&#8221;45&#8243; titleclr=&#8221;#000000&#8243; icon=&#8221;stmlms-lms-clocks&#8221; title=&#8221;H\u00e3y d\u00e0nh \u0111\u1ee7 th\u1eddi gian.&#8221;]T\u00f9y thu\u1ed9c v\u00e0o tr\u00ecnh \u0111\u1ed9 ti\u1ebfng \u0110\u1ee9c c\u1ee7a b\u1ea1n, b\u00e0i ki\u1ec3m tra c\u00f3 th\u1ec3 k\u00e9o d\u00e0i 30 ph\u00fat ho\u1eb7c h\u01a1n.[\/info_list_son][info_list_son style=&#8221;icon&#8221; height=&#8221;45&#8243; titleclr=&#8221;#000000&#8243; icon=&#8221;stmlms-user&#8221; title=&#8221;T\u1ef1 ki\u1ec3m tra v\u00e0 kh\u00f4ng s\u1eed d\u1ee5ng b\u1ea5t k\u1ef3 c\u00f4ng c\u1ee5 n\u00e0o&#8221;][\/info_list_son][info_list_son style=&#8221;icon&#8221; height=&#8221;45&#8243; titleclr=&#8221;#000000&#8243; icon=&#8221;lng_centerbook&#8221; title=&#8221;B\u00e0i ki\u1ec3m tra bao g\u1ed3m c\u00e1c c\u1ea5p \u0111\u1ed9 c\u1ee7a kh\u00f3a h\u1ecdc A1 \u0111\u1ebfn C1 theo Khung Tham chi\u1ebfu Chung Ch\u00e2u \u00c2u.&#8221;]N\u00f3 bao g\u1ed3m 5 ph\u1ea7n v\u1edbi 20 nhi\u1ec7m v\u1ee5 m\u1ed7i ph\u1ea7n. (T\u1ed5ng s\u1ed1 nhi\u1ec7m v\u1ee5: 100)[\/info_list_son][info_list_son style=&#8221;icon&#8221; height=&#8221;45&#8243; titleclr=&#8221;#000000&#8243; icon=&#8221;fa-icon-stm_icon_teacher&#8221; title=&#8221;B\u00e0i ki\u1ec3m tra x\u1ebfp l\u1edbp c\u1ee7a ch\u00fang t\u00f4i \u0111\u00f3ng vai tr\u00f2 nh\u01b0 m\u1ed9t \u0111\u1ecbnh h\u01b0\u1edbng \u0111\u1ea7u ti\u00ean.&#8221;]Tr\u01b0\u1edbc khi \u0111\u0103ng k\u00fd kh\u00f3a h\u1ecdc ti\u1ebfng \u0110\u1ee9c, ch\u00fang ta c\u00f3 th\u1ec3 c\u00f9ng nhau x\u00e1c \u0111\u1ecbnh c\u1ea5p \u0111\u1ed9 kh\u00f3a h\u1ecdc ph\u00f9 h\u1ee3p.[\/info_list_son][\/info_list_father][text_type_vc align=&#8221;center&#8221; wdo_title_text_typography=&#8221;&#8221; caption_url=&#8221;&#8221;]Ch\u00fac may m\u1eafn v\u00e0 vui v\u1ebb![\/text_type_vc][vc_btn title=&#8221;B\u1eaft \u0111\u1ea7u ki\u1ec3m tra&#8221; style=&#8221;custom&#8221; custom_background=&#8221;#03b3fe&#8221; custom_text=&#8221;#ffffff&#8221; size=&#8221;lg&#8221; align=&#8221;center&#8221; link=&#8221;url:http%3A%2F%2Ftest.goforgerman.de%2F&#8221; css=&#8221;.vc_custom_1633435393907{border-radius: 10px !important;}&#8221;][\/vc_column][vc_column width=&#8221;1\/6&#8243;][\/vc_column][\/vc_row]<\/p>\n","protected":false},"excerpt":{"rendered":"<p>[vc_row][vc_column][\/vc_column][\/vc_row][vc_row][vc_column width=&#8221;1\/6&#8243;][\/vc_column][vc_column width=&#8221;2\/3&#8243;][vc_headings style=&#8221;theme2&#8243; linewidth=&#8221;70&#8243; borderwidth=&#8221;3&#8243; borderclr=&#8221;#f9cc57&#8243; title=&#8221;H\u00e3y l\u01b0u \u00fd nh\u1eefng l\u1eddi khuy\u00ean n\u00e0y tr\u01b0\u1edbc khi b\u1ea1n b\u1eaft \u0111\u1ea7u:&#8221; use_theme_fonts=&#8221;yes&#8221; titlesize=&#8221;28&#8243; titleclr=&#8221;#03b3fe&#8221; font_weight=&#8221;700&#8243;][\/vc_headings][info_list_father css=&#8221;.vc_custom_1612353593580{margin-top: 30px !important;margin-bottom: 30px !important;}&#8221;][info_list_son style=&#8221;icon&#8221; height=&#8221;45&#8243; titleclr=&#8221;#000000&#8243; icon=&#8221;stmlms-lms-clocks&#8221; title=&#8221;H\u00e3y d\u00e0nh \u0111\u1ee7 th\u1eddi gian.&#8221;]T\u00f9y thu\u1ed9c v\u00e0o tr\u00ecnh \u0111\u1ed9 ti\u1ebfng \u0110\u1ee9c c\u1ee7a b\u1ea1n, b\u00e0i ki\u1ec3m tra c\u00f3 th\u1ec3 k\u00e9o d\u00e0i 30 ph\u00fat ho\u1eb7c [&hellip;]<\/p>\n","protected":false},"author":2,"featured_media":0,"parent":0,"menu_order":0,"comment_status":"closed","ping_status":"closed","template":"","meta":[],"_links":{"self":[{"href":"https:\/\/goforgerman.de\/vi\/wp-json\/wp\/v2\/pages\/2613"}],"collection":[{"href":"https:\/\/goforgerman.de\/vi\/wp-json\/wp\/v2\/pages"}],"about":[{"href":"https:\/\/goforgerman.de\/vi\/wp-json\/wp\/v2\/types\/page"}],"author":[{"embeddable":true,"href":"https:\/\/goforgerman.de\/vi\/wp-json\/wp\/v2\/users\/2"}],"replies":[{"embeddable":true,"href":"https:\/\/goforgerman.de\/vi\/wp-json\/wp\/v2\/comments?post=2613"}],"version-history":[{"count":0,"href":"https:\/\/goforgerman.de\/vi\/wp-json\/wp\/v2\/pages\/2613\/revisions"}],"wp:attachment":[{"href":"https:\/\/goforgerman.de\/vi\/wp-json\/wp\/v2\/media?parent=2613"}],"curies":[{"name":"wp","href":"https:\/\/api.w.org\/{rel}","templated":true}]}}