{"id":2608,"date":"2020-11-04T12:20:09","date_gmt":"2020-11-04T11:20:09","guid":{"rendered":"https:\/\/goforgerman.de\/fur-unternehmen\/"},"modified":"2021-10-08T09:59:05","modified_gmt":"2021-10-08T07:59:05","slug":"fur-unternehmen","status":"publish","type":"page","link":"https:\/\/goforgerman.de\/vi\/fur-unternehmen\/","title":{"rendered":"Cho tr\u01b0\u1eddng h\u1ecdc v\u00e0 doanh nghi\u1ec7p"},"content":{"rendered":"<p>[vc_row css=&#8221;.vc_custom_1612448171307{margin-top: 0px !important;padding-top: 0px !important;}&#8221;][vc_column]\n\t\t\t<!-- START Unternehmen VIETNAM REVOLUTION SLIDER 6.4.11 --><p class=\"rs-p-wp-fix\"><\/p>\n\t\t\t<rs-module-wrap id=\"rev_slider_35_1_wrapper\" data-source=\"gallery\" style=\"background:transparent;padding:0;margin:0px auto;margin-top:0;margin-bottom:0;max-width:;\">\n\t\t\t\t<rs-module id=\"rev_slider_35_1\" style=\"\" data-version=\"6.4.11\">\n\t\t\t\t\t<rs-slides>\n\t\t\t\t\t\t<rs-slide data-key=\"rs-58\" data-title=\"Slide\" data-anim=\"ms:600;\" data-in=\"o:0;\" data-out=\"a:false;\">\n\t\t\t\t\t\t\t<img src=\"\/\/goforgerman.de\/wp-content\/uploads\/2021\/02\/unternehmen.jpg\" title=\"unternehmen\" width=\"1200\" height=\"450\" class=\"rev-slidebg tp-rs-img\" data-bg=\"f:contain;\" data-no-retina>\n<!--\n\t\t\t\t\t\t\t--><h2\n\t\t\t\t\t\t\t\tid=\"slider-35-slide-58-layer-0\" \n\t\t\t\t\t\t\t\tclass=\"rs-layer\"\n\t\t\t\t\t\t\t\tdata-type=\"text\"\n\t\t\t\t\t\t\t\tdata-tsh=\"h:2px;v:2px;b:2px;\"\n\t\t\t\t\t\t\t\tdata-xy=\"x:c;xo:-242px,-242px,0,0;y:m;yo:66px,66px,24px,50px;\"\n\t\t\t\t\t\t\t\tdata-text=\"w:normal;s:24,24,18,14;l:32,32,24,17;a:inherit,inherit,center,center;\"\n\t\t\t\t\t\t\t\tdata-dim=\"w:583px,583px,583px,325px;h:96px;\"\n\t\t\t\t\t\t\t\tdata-basealign=\"slide\"\n\t\t\t\t\t\t\t\tdata-rsp_o=\"off\"\n\t\t\t\t\t\t\t\tdata-rsp_bd=\"off\"\n\t\t\t\t\t\t\t\tdata-frame_0=\"o:1;\"\n\t\t\t\t\t\t\t\tdata-frame_0_sfx=\"se:blocktoright;\"\n\t\t\t\t\t\t\t\tdata-frame_1=\"e:power4.inOut;sp:2000;sR:10;\"\n\t\t\t\t\t\t\t\tdata-frame_1_sfx=\"se:blocktoright;\"\n\t\t\t\t\t\t\t\tdata-frame_999=\"o:0;st:w;sR:6990;\"\n\t\t\t\t\t\t\t\tstyle=\"z-index:9;font-family:Montserrat;\"\n\t\t\t\t\t\t\t>Gi\u1ea3i ph\u00e1p chuy\u00ean nghi\u1ec7p \u0111\u1ec3 \u0111\u00e0o t\u1ea1o ti\u1ebfng \u0110\u1ee9c cho nh\u00e2n vi\u00ean, h\u1ecdc vi\u00ean hay sinh vi\u00ean c\u1ee7a b\u1ea1n.\n\n \n\t\t\t\t\t\t\t<\/h2><!--\n\n\t\t\t\t\t\t\t--><h2\n\t\t\t\t\t\t\t\tid=\"slider-35-slide-58-layer-1\" \n\t\t\t\t\t\t\t\tclass=\"rs-layer\"\n\t\t\t\t\t\t\t\tdata-type=\"text\"\n\t\t\t\t\t\t\t\tdata-tsh=\"h:2px;v:2px;b:2px;\"\n\t\t\t\t\t\t\t\tdata-xy=\"x:c;xo:-195px,-195px,0,0;y:m;yo:-40px,-40px,-24px,-24px;\"\n\t\t\t\t\t\t\t\tdata-text=\"w:normal;s:32,32,21,16;l:38,38,38,20;fw:500;a:inherit,inherit,center,center;\"\n\t\t\t\t\t\t\t\tdata-dim=\"w:679px,679px,666px,394px;h:97px,97px,76px,auto;\"\n\t\t\t\t\t\t\t\tdata-basealign=\"slide\"\n\t\t\t\t\t\t\t\tdata-rsp_o=\"off\"\n\t\t\t\t\t\t\t\tdata-rsp_bd=\"off\"\n\t\t\t\t\t\t\t\tdata-frame_0=\"o:1;\"\n\t\t\t\t\t\t\t\tdata-frame_0_sfx=\"se:blocktoright;\"\n\t\t\t\t\t\t\t\tdata-frame_1=\"e:power4.inOut;sp:2000;sR:10;\"\n\t\t\t\t\t\t\t\tdata-frame_1_sfx=\"se:blocktoright;\"\n\t\t\t\t\t\t\t\tdata-frame_999=\"o:0;st:w;sR:6990;\"\n\t\t\t\t\t\t\t\tstyle=\"z-index:8;font-family:Montserrat;\"\n\t\t\t\t\t\t\t>Go! Kho\u00e1 h\u1ecdc ti\u1ebfng \u0110\u1ee9c d\u00e0nh cho Tr\u01b0\u1eddng h\u1ecdc, Doanh nghi\u1ec7p v\u00e0 T\u1ed5 ch\u1ee9c \n\t\t\t\t\t\t\t<\/h2><!--\n-->\t\t\t\t\t\t<\/rs-slide>\n\t\t\t\t\t<\/rs-slides>\n\t\t\t\t<\/rs-module>\n\t\t\t\t<script type=\"text\/javascript\">\n\t\t\t\t\tsetREVStartSize({c: 'rev_slider_35_1',rl:[1240,1240,778,480],el:[450,450,300,200],gw:[1200,1200,778,480],gh:[450,450,300,200],type:'hero',justify:'',layout:'fullwidth',mh:\"0\"});\n\t\t\t\t\tvar\trevapi35,\n\t\t\t\t\t\ttpj;\n\t\t\t\t\tfunction revinit_revslider351() {\n\t\t\t\t\tjQuery(function() {\n\t\t\t\t\t\ttpj = jQuery;\n\t\t\t\t\t\trevapi35 = tpj(\"#rev_slider_35_1\");\n\t\t\t\t\t\tif(revapi35==undefined || revapi35.revolution == undefined){\n\t\t\t\t\t\t\trevslider_showDoubleJqueryError(\"rev_slider_35_1\");\n\t\t\t\t\t\t}else{\n\t\t\t\t\t\t\trevapi35.revolution({\n\t\t\t\t\t\t\t\tsliderType:\"hero\",\n\t\t\t\t\t\t\t\tDPR:\"dpr\",\n\t\t\t\t\t\t\t\tvisibilityLevels:\"1240,1240,778,480\",\n\t\t\t\t\t\t\t\tgridwidth:\"1200,1200,778,480\",\n\t\t\t\t\t\t\t\tgridheight:\"450,450,300,200\",\n\t\t\t\t\t\t\t\tspinner:\"spinner0\",\n\t\t\t\t\t\t\t\tperspective:600,\n\t\t\t\t\t\t\t\tperspectiveType:\"local\",\n\t\t\t\t\t\t\t\teditorheight:\"450,650,300,200\",\n\t\t\t\t\t\t\t\tresponsiveLevels:\"1240,1240,778,480\",\n\t\t\t\t\t\t\t\tprogressBar:{disableProgressBar:true},\n\t\t\t\t\t\t\t\tnavigation: {\n\t\t\t\t\t\t\t\t\tonHoverStop:false\n\t\t\t\t\t\t\t\t},\n\t\t\t\t\t\t\t\tfallbacks: {\n\t\t\t\t\t\t\t\t\tallowHTML5AutoPlayOnAndroid:true\n\t\t\t\t\t\t\t\t},\n\t\t\t\t\t\t\t});\n\t\t\t\t\t\t}\n\t\t\t\t\t\t\n\t\t\t\t\t});\n\t\t\t\t\t} \/\/ End of RevInitScript\n\t\t\t\tvar once_revslider351 = false;\n\t\t\t\tif (document.readyState === \"loading\") {document.addEventListener('readystatechange',function() { if((document.readyState === \"interactive\" || document.readyState === \"complete\") && !once_revslider351 ) { once_revslider351 = true; revinit_revslider351();}});} else {once_revslider351 = true; revinit_revslider351();}\n\t\t\t\t<\/script>\n\t\t\t<\/rs-module-wrap>\n\t\t\t<!-- END REVOLUTION SLIDER -->\n[\/vc_column][\/vc_row][vc_row][vc_column][vc_column_text]L\u00e0m th\u1ebf n\u00e0o \u0111\u1ec3 Tr\u01b0\u1eddng h\u1ecdc hay doanh nghi\u1ec7p c\u1ee7a b\u1ea1n nh\u1eadn \u0111\u01b0\u1ee3c c\u00e1c \u01b0u \u0111\u00e3i t\u1eeb Gofogerman? <strong>GO<\/strong>FOR<strong>GERMAN<\/strong>?<\/p>\n<p><strong>GO<\/strong>FOR<strong>GERMAN<\/strong> cung c\u1ea5p cho b\u1ea1n c\u00e1c gi\u1ea3i ph\u00e1p chuy\u00ean bi\u1ec7t, chuy\u00ean nghi\u1ec7p \u0111\u1ec3 \u0111\u00e0o t\u1ea1o n\u00e2ng cao cho h\u1ecdc vi\u00ean, nh\u00e2n vi\u00ean c\u1ee7a b\u1ea1n v\u00e0 do \u0111\u00f3 l\u00e0 c\u01a1 s\u1edf cho s\u1ef1 th\u00e0nh c\u00f4ng tr\u00ean tr\u01b0\u1eddng qu\u1ed1c t\u1ebf c\u1ee7a b\u1ea1n.[\/vc_column_text]<div class=\"evc-icon-list evc-shortcode \">\n\t<div class=\"evc-il-item  \" >\n\t<div class=\"evc-ili-inner\">\n\t\t\t<span class=\"evc-ili-icon-wrapper\" style=\"font-size: 16px;color: #000000\">\n\t\t<span class=\"evc-ili-icon fa fa-check\"><\/span>\n\t<\/span>\n\t\t\t<span class=\"evc-ili-text\" style=\"color: #000000\">C\u00e1c kh\u00f3a h\u1ecdc cho Tr\u01b0\u1eddng h\u1ecdc, Doanh nghi\u1ec7p \u0111\u01b0\u1ee3c t\u1ed5 ch\u1ee9c theo nh\u00f3m nh\u1ecf ho\u1eb7c c\u00e1c b\u00e0i h\u1ecdc c\u00e1 nh\u00e2n<\/span>\n\t\t\t<\/div>\n<\/div>\n<div class=\"evc-il-item  \" >\n\t<div class=\"evc-ili-inner\">\n\t\t\t<span class=\"evc-ili-icon-wrapper\" style=\"font-size: 16px;color: #000000\">\n\t\t<span class=\"evc-ili-icon fa fa-check\"><\/span>\n\t<\/span>\n\t\t\t<span class=\"evc-ili-text\" >K\u1ebf ho\u1ea1ch h\u1ecdc t\u1eadp v\u00e0 n\u1ed9i dung b\u00e0i h\u1ecdc ph\u00f9 h\u1ee3p v\u1edbi y\u00eau c\u1ea7u c\u1ee7a b\u1ea1n<\/span>\n\t\t\t<\/div>\n<\/div>\n<div class=\"evc-il-item  \" >\n\t<div class=\"evc-ili-inner\">\n\t\t\t<span class=\"evc-ili-icon-wrapper\" style=\"font-size: 16px;color: #000000\">\n\t\t<span class=\"evc-ili-icon fa fa-check\"><\/span>\n\t<\/span>\n\t\t\t<span class=\"evc-ili-text\" >C\u00e1c kh\u00f3a h\u1ecdc chuy\u00ean ng\u00e0nh - v\u00ed d\u1ee5: ti\u1ebfng \u0110\u1ee9c th\u01b0\u01a1ng m\u1ea1i, ti\u1ebfng \u0110\u1ee9c \u0111i\u1ec1u d\u01b0\u1ee1ng, du l\u1ecbch<\/span>\n\t\t\t<\/div>\n<\/div>\n<div class=\"evc-il-item  \" >\n\t<div class=\"evc-ili-inner\">\n\t\t\t<span class=\"evc-ili-icon-wrapper\" style=\"font-size: 18px;color: #000000\">\n\t\t<span class=\"evc-ili-icon fa fa-check\"><\/span>\n\t<\/span>\n\t\t\t<span class=\"evc-ili-text\" >\u01afu \u0111\u00e3i \u0111\u1eb7c bi\u1ec7t cho c\u00e1c c\u00f4ng ty \u1edf \u0110\u1ee9c c\u00f3 nh\u00e2n vi\u00ean qu\u1ed1c t\u1ebf<\/span>\n\t\t\t<\/div>\n<\/div>\n<div class=\"evc-il-item  \" >\n\t<div class=\"evc-ili-inner\">\n\t\t\t<span class=\"evc-ili-icon-wrapper\" style=\"font-size: 18px;color: #000000\">\n\t\t<span class=\"evc-ili-icon fa fa-check\"><\/span>\n\t<\/span>\n\t\t\t<span class=\"evc-ili-text\" >C\u00f3 ng\u01b0\u1eddi li\u00ean h\u1ec7 ri\u00eang<\/span>\n\t\t\t<\/div>\n<\/div>\n<div class=\"evc-il-item  \" >\n\t<div class=\"evc-ili-inner\">\n\t\t\t<span class=\"evc-ili-icon-wrapper\" style=\"font-size: 18px;color: #000000\">\n\t\t<span class=\"evc-ili-icon fa fa-check\"><\/span>\n\t<\/span>\n\t\t\t<span class=\"evc-ili-text\" >T\u01b0 v\u1ea5n mi\u1ec5n ph\u00ed cho t\u1eebng tr\u01b0\u1eddng h\u1ecdc, doanh nghi\u1ec7p hay t\u1ed5 ch\u1ee9c<\/span>\n\t\t\t<\/div>\n<\/div>\n<\/div>\n[vc_empty_space height=&#8221;30px&#8221;][mvc_advanced_button align=&#8221;center&#8221; btn_text=&#8221;\u0110\u0103ng k\u00fd t\u01b0 v\u1ea5n mi\u1ec5n ph\u00ed&#8221; padding_top=&#8221;15&#8243; padding_left=&#8221;20&#8243; btn_size=&#8221;16&#8243; icon_size=&#8221;16&#8243; use_theme_fonts=&#8221;yes&#8221; btn_icon=&#8221;fa-icon-stm_icon_mail-o&#8221; btn_clr=&#8221;#ffffff&#8221; btn_bg=&#8221;#03b3fe&#8221; btn_hvrclr=&#8221;#ffffff&#8221; btn_hvrbg=&#8221;#0287ed&#8221; btn_radius=&#8221;10&#8243; btn_url=&#8221;url:https%3A%2F%2Fgoforgerman.de%2Fkontakt-aufnehmen%2F|title:Kontakt&#8221;][\/vc_column][\/vc_row][vc_row][vc_column][\/vc_column][\/vc_row][vc_row full_width=&#8221;stretch_row&#8221; css=&#8221;.vc_custom_1633006386969{margin-bottom: 0px !important;padding-top: 50px !important;padding-bottom: 50px !important;background-color: #e0f5ff !important;}&#8221;][vc_column][vc_custom_heading text=&#8221;Ch\u00fang t\u00f4i s\u1eb5n s\u00e0ng gi\u00fap \u0111\u1ee1!&#8221; font_container=&#8221;tag:h2|text_align:center|color:%23162d74&#8243; use_theme_fonts=&#8221;yes&#8221; css=&#8221;.vc_custom_1633006129636{margin-bottom: -13px !important;}&#8221;][stm_color_separator css=&#8221;.vc_custom_1603279774541{margin-bottom: 0px !important;padding-bottom: 40px !important;}&#8221;][vc_column_text css=&#8221;.vc_custom_1633006149422{padding-top: 40px !important;}&#8221;]<\/p>\n<p style=\"text-align: center;\">\u0110\u1ed9i ng\u0169 t\u01b0 v\u1ea5n c\u1ee7a ch\u00fang t\u00f4i lu\u00f4n s\u1eb5n s\u00e0ng gi\u1ea3i \u0111\u00e1p c\u00e1c th\u1eafc m\u1eafc c\u1ee7a b\u1ea1n.<\/p>\n<p>[\/vc_column_text][vc_row_inner css=&#8221;.vc_custom_1633006369507{margin-bottom: 0px !important;}&#8221;][vc_column_inner width=&#8221;1\/3&#8243;][\/vc_column_inner][vc_column_inner width=&#8221;1\/3&#8243;][vc_btn title=&#8221;\u0110\u0103ng k\u00fd t\u01b0 v\u1ea5n mi\u1ec5n ph\u00ed&#8221; style=&#8221;theme-button&#8221; color=&#8221;sky&#8221; align=&#8221;center&#8221; i_icon_fontawesome=&#8221;fa-icon-stm_icon_mail-o&#8221; add_icon=&#8221;true&#8221; link=&#8221;url:http%3A%2F%2Fgoforgerman.de%2Fvi%2Fkontakt%2F&#8221;][\/vc_column_inner][vc_column_inner width=&#8221;1\/3&#8243;][\/vc_column_inner][\/vc_row_inner][\/vc_column][\/vc_row]<\/p>\n","protected":false},"excerpt":{"rendered":"<p>[vc_row css=&#8221;.vc_custom_1612448171307{margin-top: 0px !important;padding-top: 0px !important;}&#8221;][vc_column][\/vc_column][\/vc_row][vc_row][vc_column][vc_column_text]L\u00e0m th\u1ebf n\u00e0o \u0111\u1ec3 Tr\u01b0\u1eddng h\u1ecdc hay doanh nghi\u1ec7p c\u1ee7a b\u1ea1n nh\u1eadn \u0111\u01b0\u1ee3c c\u00e1c \u01b0u \u0111\u00e3i t\u1eeb Gofogerman? GOFORGERMAN? GOFORGERMAN cung c\u1ea5p cho b\u1ea1n c\u00e1c gi\u1ea3i ph\u00e1p chuy\u00ean bi\u1ec7t, chuy\u00ean nghi\u1ec7p \u0111\u1ec3 \u0111\u00e0o t\u1ea1o n\u00e2ng cao cho h\u1ecdc vi\u00ean, nh\u00e2n vi\u00ean c\u1ee7a b\u1ea1n v\u00e0 do \u0111\u00f3 l\u00e0 c\u01a1 s\u1edf cho [&hellip;]<\/p>\n","protected":false},"author":2,"featured_media":0,"parent":0,"menu_order":0,"comment_status":"closed","ping_status":"closed","template":"","meta":[],"_links":{"self":[{"href":"https:\/\/goforgerman.de\/vi\/wp-json\/wp\/v2\/pages\/2608"}],"collection":[{"href":"https:\/\/goforgerman.de\/vi\/wp-json\/wp\/v2\/pages"}],"about":[{"href":"https:\/\/goforgerman.de\/vi\/wp-json\/wp\/v2\/types\/page"}],"author":[{"embeddable":true,"href":"https:\/\/goforgerman.de\/vi\/wp-json\/wp\/v2\/users\/2"}],"replies":[{"embeddable":true,"href":"https:\/\/goforgerman.de\/vi\/wp-json\/wp\/v2\/comments?post=2608"}],"version-history":[{"count":0,"href":"https:\/\/goforgerman.de\/vi\/wp-json\/wp\/v2\/pages\/2608\/revisions"}],"wp:attachment":[{"href":"https:\/\/goforgerman.de\/vi\/wp-json\/wp\/v2\/media?parent=2608"}],"curies":[{"name":"wp","href":"https:\/\/api.w.org\/{rel}","templated":true}]}}