{"id":2600,"date":"2018-07-26T07:17:24","date_gmt":"2018-07-26T05:17:24","guid":{"rendered":"https:\/\/goforgerman.de\/ueber-uns\/"},"modified":"2021-08-27T16:27:35","modified_gmt":"2021-08-27T14:27:35","slug":"ueber-uns","status":"publish","type":"page","link":"https:\/\/goforgerman.de\/vi\/ueber-uns\/","title":{"rendered":"About us"},"content":{"rendered":"<p>[vc_row][vc_column]\n\t\t\t<!-- START \u00dcber Uns REVOLUTION SLIDER 6.4.11 --><p class=\"rs-p-wp-fix\"><\/p>\n\t\t\t<rs-module-wrap id=\"rev_slider_14_1_wrapper\" data-source=\"gallery\" style=\"background:transparent;padding:0;margin:0px auto;margin-top:0;margin-bottom:0;max-width:;\">\n\t\t\t\t<rs-module id=\"rev_slider_14_1\" style=\"\" data-version=\"6.4.11\">\n\t\t\t\t\t<rs-slides>\n\t\t\t\t\t\t<rs-slide data-key=\"rs-23\" data-title=\"Slide\" data-anim=\"ms:600;r:0;\" data-in=\"o:0;\" data-out=\"a:false;\">\n\t\t\t\t\t\t\t<img src=\"\/\/goforgerman.de\/wp-content\/uploads\/2021\/02\/u\u0308ber-uns-Kopie.jpg\" title=\"u\u0308ber uns Kopie\" width=\"1200\" height=\"450\" class=\"rev-slidebg tp-rs-img\" data-bg=\"f:contain;\" data-no-retina>\n<!---->\t\t\t\t\t\t<\/rs-slide>\n\t\t\t\t\t<\/rs-slides>\n\t\t\t\t<\/rs-module>\n\t\t\t\t<script type=\"text\/javascript\">\n\t\t\t\t\tsetREVStartSize({c: 'rev_slider_14_1',rl:[1240,1240,778,480],el:[450,450,300,200],gw:[1200,1200,778,480],gh:[450,450,300,200],type:'hero',justify:'',layout:'fullwidth',mh:\"0\"});\n\t\t\t\t\tvar\trevapi14,\n\t\t\t\t\t\ttpj;\n\t\t\t\t\tfunction revinit_revslider141() {\n\t\t\t\t\tjQuery(function() {\n\t\t\t\t\t\ttpj = jQuery;\n\t\t\t\t\t\trevapi14 = tpj(\"#rev_slider_14_1\");\n\t\t\t\t\t\tif(revapi14==undefined || revapi14.revolution == undefined){\n\t\t\t\t\t\t\trevslider_showDoubleJqueryError(\"rev_slider_14_1\");\n\t\t\t\t\t\t}else{\n\t\t\t\t\t\t\trevapi14.revolution({\n\t\t\t\t\t\t\t\tsliderType:\"hero\",\n\t\t\t\t\t\t\t\tvisibilityLevels:\"1240,1240,778,480\",\n\t\t\t\t\t\t\t\tgridwidth:\"1200,1200,778,480\",\n\t\t\t\t\t\t\t\tgridheight:\"450,450,300,200\",\n\t\t\t\t\t\t\t\tspinner:\"spinner0\",\n\t\t\t\t\t\t\t\tperspective:600,\n\t\t\t\t\t\t\t\tperspectiveType:\"local\",\n\t\t\t\t\t\t\t\teditorheight:\"450,650,300,200\",\n\t\t\t\t\t\t\t\tresponsiveLevels:\"1240,1240,778,480\",\n\t\t\t\t\t\t\t\tprogressBar:{disableProgressBar:true},\n\t\t\t\t\t\t\t\tnavigation: {\n\t\t\t\t\t\t\t\t\tonHoverStop:false\n\t\t\t\t\t\t\t\t},\n\t\t\t\t\t\t\t\tfallbacks: {\n\t\t\t\t\t\t\t\t\tallowHTML5AutoPlayOnAndroid:true\n\t\t\t\t\t\t\t\t},\n\t\t\t\t\t\t\t});\n\t\t\t\t\t\t}\n\t\t\t\t\t\t\n\t\t\t\t\t});\n\t\t\t\t\t} \/\/ End of RevInitScript\n\t\t\t\tvar once_revslider141 = false;\n\t\t\t\tif (document.readyState === \"loading\") {document.addEventListener('readystatechange',function() { if((document.readyState === \"interactive\" || document.readyState === \"complete\") && !once_revslider141 ) { once_revslider141 = true; revinit_revslider141();}});} else {once_revslider141 = true; revinit_revslider141();}\n\t\t\t\t<\/script>\n\t\t\t<\/rs-module-wrap>\n\t\t\t<!-- END REVOLUTION SLIDER -->\n[\/vc_column][\/vc_row][vc_row][vc_column][vc_headings style=&#8221;theme2&#8243; linewidth=&#8221;70&#8243; borderwidth=&#8221;0&#8243; borderclr=&#8221;#f9cc57&#8243; title=&#8221; Learning a language online, learning German online &#8230; Is that even possible?&#8221; align=&#8221;left&#8221; use_theme_fonts=&#8221;yes&#8221; lineheight=&#8221;0&#8243; titlesize=&#8221;32&#8243; titleclr=&#8221;#333333&#8243; font_weight=&#8221;700&#8243; caption_url=&#8221;&#8221; caption_urls=&#8221;&#8221; caption_urlss=&#8221;&#8221; caption_urldesc=&#8221;&#8221;][\/vc_headings][vc_headings style=&#8221;theme2&#8243; linewidth=&#8221;70&#8243; borderwidth=&#8221;0&#8243; borderclr=&#8221;#f9cc57&#8243; title=&#8221;Absolutely!!!&#8221; align=&#8221;left&#8221; use_theme_fonts=&#8221;yes&#8221; lineheight=&#8221;0&#8243; titlesize=&#8221;24&#8243; titleclr=&#8221;#f9cc57&#8243; font_weight=&#8221;700&#8243; caption_url=&#8221;&#8221; caption_urls=&#8221;&#8221; caption_urlss=&#8221;&#8221; caption_urldesc=&#8221;&#8221;][\/vc_headings][vc_headings style=&#8221;theme2&#8243; linewidth=&#8221;70&#8243; borderwidth=&#8221;3&#8243; borderclr=&#8221;#f9cc57&#8243; title=&#8221; GOFORGERMAN offers you everything you need for it.&#8221; align=&#8221;left&#8221; use_theme_fonts=&#8221;yes&#8221; lineheight=&#8221;0&#8243; titlesize=&#8221;24&#8243; titleclr=&#8221;#333333&#8243; font_weight=&#8221;700&#8243; caption_url=&#8221;&#8221; caption_urls=&#8221;&#8221; caption_urlss=&#8221;&#8221; caption_urldesc=&#8221;&#8221;][\/vc_headings][vc_column_text]<\/p>\n<div class=\"wpb_text_column wpb_content_element \">\n<div class=\"wpb_wrapper\">\n<p>Our team consists of experienced course coordinators and creative lecturers, competent study advisors and highly trained tutors.<\/p>\n<p>On the basis of our many years of experience in language teaching, we have jointly developed a new integrative learning concept that helps you to learn the language holistically and to apply it in practice during the course.<\/p>\n<p>The communicative one <strong>GOFORGERMAN<\/strong>Method combined <strong>Live teaching<\/strong>, self-employed <strong>Interactive learning<\/strong> with the support of your teacher and that <strong>Communication training<\/strong> <strong>15 minutes Germany<\/strong>, with which you apply what you have learned in conversation and expand and train your oral expression and vocabulary.<\/p>\n<p>With the <strong>GOFORGERMAN<\/strong>Method, you should not only learn the language, but actually speak it. <strong>GOFORGERMAN<\/strong> prepares you for your studies, your job or simply your next meeting in German, wherever you are.<\/p>\n<\/div>\n<\/div>\n<p>[\/vc_column_text][\/vc_column][\/vc_row][vc_row disable_element=&#8221;yes&#8221;][vc_column width=&#8221;1\/2&#8243;][vc_single_image image=&#8221;1741&#8243; img_size=&#8221;full&#8221; css=&#8221;.vc_custom_1604483651553{margin-bottom: 69px !important;}&#8221;][\/vc_column][vc_column width=&#8221;1\/2&#8243;][vc_tta_tabs][vc_tta_section title=&#8221;15 Minuten&#8221; tab_id=&#8221;15-Minuten&#8221;][vc_column_text]Geschulte Turoren, die dich f\u00fcr 15 Minuten nach Deutschland einladen. Jede Woche und wenn du willst auch jeden Tag.<\/p>\n<p>15 Minuten Deutschland bietet dir die M\u00f6glichkeit das Gelernte im Gespr\u00e4ch zu benutzen, deinen m\u00fcndlichen Ausdruck und Wortschatz zu erweitern und zu trainieren. Und dabei machst du deine ersten Bekanntschaften mit sehr netten Leuten in Deutschland. (Guck mal!)[\/vc_column_text][\/vc_tta_section][vc_tta_section title=&#8221;Our Platform&#8221; tab_id=&#8221;Our-Platform&#8221;][vc_column_text]Eine interaktive Lernplattform f\u00fcr das Training und das selbst\u00e4ndige Lernen. Und wenn du mal nicht weiterwei\u00dft, dann hilft dir dein Lehrer aus der Ferne.<\/p>\n<p>Mit unserem integrativen Lernkonzept sollst du die Sprache nicht nur lernen, sondern auch wirklich sprechen. Go f\u00fcr german bereitet dich vor, auf dein Studium, deine Berufst\u00e4tigkeit oder einfach Deutsch, wo du auch bist.deine n\u00e4chste Begegnung auf[\/vc_column_text][\/vc_tta_section][\/vc_tta_tabs][\/vc_column][\/vc_row][vc_row full_width=&#8221;stretch_row&#8221; css=&#8221;.vc_custom_1604483995041{margin-bottom: -50px !important;padding-top: 50px !important;padding-bottom: 50px !important;background-color: #e0f5ff !important;}&#8221;][vc_column][vc_custom_heading text=&#8221;We are glad to help you&#8221; font_container=&#8221;tag:h2|text_align:center|color:%23333333&#8243; use_theme_fonts=&#8221;yes&#8221; css=&#8221;.vc_custom_1629726419843{margin-bottom: -13px !important;}&#8221; el_id=&#8221;learn-1&#8243;][stm_color_separator css=&#8221;.vc_custom_1603279774541{margin-bottom: 0px !important;padding-bottom: 40px !important;}&#8221;][vc_column_text css=&#8221;.vc_custom_1629726434915{padding-top: 40px !important;}&#8221;]<\/p>\n<p style=\"text-align: center;\">Our customer service will be happy to answer any questions or concerns you may have.<\/p>\n<p>[\/vc_column_text][vc_row_inner][vc_column_inner width=&#8221;1\/3&#8243;][\/vc_column_inner][vc_column_inner width=&#8221;1\/3&#8243;][vc_btn title=&#8221;CONTACT&#8221; style=&#8221;theme-button&#8221; color=&#8221;sky&#8221; align=&#8221;center&#8221; i_icon_fontawesome=&#8221;fa-icon-stm_icon_phone-o&#8221; add_icon=&#8221;true&#8221; link=&#8221;url:http%3A%2F%2Fgoforgerman.de%2Fen%2Fkontakt-aufnehmen%2F|title:Contact&#8221;][\/vc_column_inner][vc_column_inner width=&#8221;1\/3&#8243;][\/vc_column_inner][\/vc_row_inner][\/vc_column][\/vc_row]<\/p>\n","protected":false},"excerpt":{"rendered":"<p>[vc_row][vc_column][\/vc_column][\/vc_row][vc_row][vc_column][vc_headings style=&#8221;theme2&#8243; linewidth=&#8221;70&#8243; borderwidth=&#8221;0&#8243; borderclr=&#8221;#f9cc57&#8243; title=&#8221; Learning a language online, learning German online &#8230; Is that even possible?&#8221; align=&#8221;left&#8221; use_theme_fonts=&#8221;yes&#8221; lineheight=&#8221;0&#8243; titlesize=&#8221;32&#8243; titleclr=&#8221;#333333&#8243; font_weight=&#8221;700&#8243; caption_url=&#8221;&#8221; caption_urls=&#8221;&#8221; caption_urlss=&#8221;&#8221; caption_urldesc=&#8221;&#8221;][\/vc_headings][vc_headings style=&#8221;theme2&#8243; linewidth=&#8221;70&#8243; borderwidth=&#8221;0&#8243; borderclr=&#8221;#f9cc57&#8243; title=&#8221;Absolutely!!!&#8221; align=&#8221;left&#8221; use_theme_fonts=&#8221;yes&#8221; lineheight=&#8221;0&#8243; titlesize=&#8221;24&#8243; titleclr=&#8221;#f9cc57&#8243; font_weight=&#8221;700&#8243; caption_url=&#8221;&#8221; caption_urls=&#8221;&#8221; caption_urlss=&#8221;&#8221; caption_urldesc=&#8221;&#8221;][\/vc_headings][vc_headings style=&#8221;theme2&#8243; linewidth=&#8221;70&#8243; borderwidth=&#8221;3&#8243; borderclr=&#8221;#f9cc57&#8243; title=&#8221; GOFORGERMAN offers you everything you need for [&hellip;]<\/p>\n","protected":false},"author":9,"featured_media":0,"parent":0,"menu_order":0,"comment_status":"closed","ping_status":"closed","template":"","meta":[],"_links":{"self":[{"href":"https:\/\/goforgerman.de\/vi\/wp-json\/wp\/v2\/pages\/2600"}],"collection":[{"href":"https:\/\/goforgerman.de\/vi\/wp-json\/wp\/v2\/pages"}],"about":[{"href":"https:\/\/goforgerman.de\/vi\/wp-json\/wp\/v2\/types\/page"}],"author":[{"embeddable":true,"href":"https:\/\/goforgerman.de\/vi\/wp-json\/wp\/v2\/users\/9"}],"replies":[{"embeddable":true,"href":"https:\/\/goforgerman.de\/vi\/wp-json\/wp\/v2\/comments?post=2600"}],"version-history":[{"count":0,"href":"https:\/\/goforgerman.de\/vi\/wp-json\/wp\/v2\/pages\/2600\/revisions"}],"wp:attachment":[{"href":"https:\/\/goforgerman.de\/vi\/wp-json\/wp\/v2\/media?parent=2600"}],"curies":[{"name":"wp","href":"https:\/\/api.w.org\/{rel}","templated":true}]}}