{"id":2590,"date":"2020-10-30T13:40:47","date_gmt":"2020-10-30T12:40:47","guid":{"rendered":"https:\/\/goforgerman.de\/go-testdaf\/"},"modified":"2021-10-08T10:08:40","modified_gmt":"2021-10-08T08:08:40","slug":"go-testdaf","status":"publish","type":"page","link":"https:\/\/goforgerman.de\/vi\/go-testdaf\/","title":{"rendered":"GO! Luy\u1ec7n thi"},"content":{"rendered":"<p>[vc_row full_width=&#8221;stretch_row&#8221; css=&#8221;.vc_custom_1608635563670{margin-top: -50px !important;}&#8221;][vc_column]\n\t\t\t<!-- START TestDaF Vietnam REVOLUTION SLIDER 6.4.11 --><p class=\"rs-p-wp-fix\"><\/p>\n\t\t\t<rs-module-wrap id=\"rev_slider_37_1_wrapper\" data-source=\"gallery\" style=\"background:transparent;padding:0;margin:0px auto;margin-top:0;margin-bottom:0;max-width:;\">\n\t\t\t\t<rs-module id=\"rev_slider_37_1\" style=\"\" data-version=\"6.4.11\">\n\t\t\t\t\t<rs-slides>\n\t\t\t\t\t\t<rs-slide data-key=\"rs-60\" data-title=\"Slide\" data-anim=\"ms:600;\" data-in=\"o:0;\" data-out=\"a:false;\">\n\t\t\t\t\t\t\t<img src=\"\/\/goforgerman.de\/wp-content\/uploads\/2021\/02\/u\u0308ber-uns.jpg\" title=\"u\u0308ber uns\" width=\"1200\" height=\"450\" class=\"rev-slidebg tp-rs-img\" data-bg=\"f:contain;\" data-no-retina>\n<!--\n\t\t\t\t\t\t\t--><h2\n\t\t\t\t\t\t\t\tid=\"slider-37-slide-60-layer-1\" \n\t\t\t\t\t\t\t\tclass=\"rs-layer\"\n\t\t\t\t\t\t\t\tdata-type=\"text\"\n\t\t\t\t\t\t\t\tdata-xy=\"x:c;xo:1px;y:m;\"\n\t\t\t\t\t\t\t\tdata-text=\"s:32,32,24,17;l:75;fw:700;a:inherit;\"\n\t\t\t\t\t\t\t\tdata-basealign=\"slide\"\n\t\t\t\t\t\t\t\tdata-rsp_o=\"off\"\n\t\t\t\t\t\t\t\tdata-rsp_bd=\"off\"\n\t\t\t\t\t\t\t\tdata-frame_0=\"o:1;\"\n\t\t\t\t\t\t\t\tdata-frame_0_sfx=\"se:blocktoright;\"\n\t\t\t\t\t\t\t\tdata-frame_1=\"e:power4.inOut;sp:2000;sR:10;\"\n\t\t\t\t\t\t\t\tdata-frame_1_sfx=\"se:blocktoright;\"\n\t\t\t\t\t\t\t\tdata-frame_999=\"o:0;st:w;sR:6990;\"\n\t\t\t\t\t\t\t\tstyle=\"z-index:9;font-family:Montserrat;\"\n\t\t\t\t\t\t\t>Con \u0111\u01b0\u1eddng c\u1ee7a b\u1ea1n \u0111\u1ec3 h\u1ecdc t\u1eadp \u1edf \u0110\u1ee9c! \n\t\t\t\t\t\t\t<\/h2><!--\n-->\t\t\t\t\t\t<\/rs-slide>\n\t\t\t\t\t<\/rs-slides>\n\t\t\t\t<\/rs-module>\n\t\t\t\t<script type=\"text\/javascript\">\n\t\t\t\t\tsetREVStartSize({c: 'rev_slider_37_1',rl:[1240,1240,778,480],el:[450,450,300,200],gw:[1200,1200,778,480],gh:[450,450,300,200],type:'hero',justify:'',layout:'fullwidth',mh:\"0\"});\n\t\t\t\t\tvar\trevapi37,\n\t\t\t\t\t\ttpj;\n\t\t\t\t\tfunction revinit_revslider371() {\n\t\t\t\t\tjQuery(function() {\n\t\t\t\t\t\ttpj = jQuery;\n\t\t\t\t\t\trevapi37 = tpj(\"#rev_slider_37_1\");\n\t\t\t\t\t\tif(revapi37==undefined || revapi37.revolution == undefined){\n\t\t\t\t\t\t\trevslider_showDoubleJqueryError(\"rev_slider_37_1\");\n\t\t\t\t\t\t}else{\n\t\t\t\t\t\t\trevapi37.revolution({\n\t\t\t\t\t\t\t\tsliderType:\"hero\",\n\t\t\t\t\t\t\t\tDPR:\"dpr\",\n\t\t\t\t\t\t\t\tvisibilityLevels:\"1240,1240,778,480\",\n\t\t\t\t\t\t\t\tgridwidth:\"1200,1200,778,480\",\n\t\t\t\t\t\t\t\tgridheight:\"450,450,300,200\",\n\t\t\t\t\t\t\t\tspinner:\"spinner0\",\n\t\t\t\t\t\t\t\tperspective:600,\n\t\t\t\t\t\t\t\tperspectiveType:\"local\",\n\t\t\t\t\t\t\t\teditorheight:\"450,650,300,200\",\n\t\t\t\t\t\t\t\tresponsiveLevels:\"1240,1240,778,480\",\n\t\t\t\t\t\t\t\tprogressBar:{disableProgressBar:true},\n\t\t\t\t\t\t\t\tnavigation: {\n\t\t\t\t\t\t\t\t\tonHoverStop:false\n\t\t\t\t\t\t\t\t},\n\t\t\t\t\t\t\t\tfallbacks: {\n\t\t\t\t\t\t\t\t\tallowHTML5AutoPlayOnAndroid:true\n\t\t\t\t\t\t\t\t},\n\t\t\t\t\t\t\t});\n\t\t\t\t\t\t}\n\t\t\t\t\t\t\n\t\t\t\t\t});\n\t\t\t\t\t} \/\/ End of RevInitScript\n\t\t\t\tvar once_revslider371 = false;\n\t\t\t\tif (document.readyState === \"loading\") {document.addEventListener('readystatechange',function() { if((document.readyState === \"interactive\" || document.readyState === \"complete\") && !once_revslider371 ) { once_revslider371 = true; revinit_revslider371();}});} else {once_revslider371 = true; revinit_revslider371();}\n\t\t\t\t<\/script>\n\t\t\t<\/rs-module-wrap>\n\t\t\t<!-- END REVOLUTION SLIDER -->\n[\/vc_column][\/vc_row][vc_row][vc_column][vc_row_inner][vc_column_inner width=&#8221;1\/2&#8243; el_id=&#8221;learn-1&#8243;][vc_headings style=&#8221;theme2&#8243; linewidth=&#8221;70&#8243; borderwidth=&#8221;3&#8243; borderclr=&#8221;#f9cc57&#8243; title=&#8221;GO! Luy\u1ec7n thi&#8221; align=&#8221;left&#8221; titlesize=&#8221;32&#8243; titleclr=&#8221;#333333&#8243; font_weight=&#8221;700&#8243;][\/vc_headings][vc_column_text]C\u00e1c kh\u00f3a h\u1ecdc luy\u1ec7n thi c\u1ee7a ch\u00fang t\u00f4i h\u01b0\u1edbng \u0111\u1ebfn c\u00e1c \u1ee9ng vi\u00ean thi A2, B1, B2 v\u00e0 C1 mu\u1ed1n h\u1ecdc t\u1eadp t\u1ea1i \u0110\u1ee9c. B\u1ea1n c\u00f3 th\u1ec3 l\u1ef1a ch\u1ecdn n\u1ed9i dung theo Ch\u1ee9ng ch\u1ec9 \u0111\u00e3 \u0111\u0103ng k\u00fd thi t\u1ea1i Vi\u1ec7t Nam bao g\u1ed3m Ch\u1ee9ng ch\u1ec9 vi\u1ec7n Goethe, \u00d6SD, telc v\u00e0 ECL.<\/p>\n<p>Kh\u00f3a h\u1ecdc luy\u1ec7n thi t\u1eeb GOFORGERMAN l\u00e0 s\u1ef1 chu\u1ea9n b\u1ecb l\u00fd t\u01b0\u1edfng cho vi\u1ec7c n\u00e0y:<\/p>\n<ul>\n<li aria-level=\"1\">C\u00e1c chi\u1ebfn l\u01b0\u1ee3c gi\u1ea3i cho c\u00e1c ph\u1ea7n thi: \u0111\u1ecdc hi\u1ec3u, nghe hi\u1ec3u, vi\u1ebft v\u00e0 n\u00f3i.<\/li>\n<li aria-level=\"1\">\u0110\u00e0o t\u1ea1o d\u1ef1a tr\u00ean c\u00e1c b\u00e0i thi th\u1ef1c.<\/li>\n<li aria-level=\"1\">Hu\u1ea5n luy\u1ec7n chu\u1ea9n c\u00e1c k\u1ef9 n\u0103ng vi\u1ebft v\u00e0 n\u00f3i.<\/li>\n<li aria-level=\"1\">Thi th\u1eed v\u00e0 t\u01b0 v\u1ea5n ri\u00eang bi\u1ec7t d\u1ef1a tr\u00ean k\u1ebft qu\u1ea3 c\u1ee7a t\u1eebng h\u1ecdc vi\u00ean.<\/li>\n<\/ul>\n<p>[\/vc_column_text][\/vc_column_inner][vc_column_inner width=&#8221;1\/2&#8243; el_id=&#8221;accordian-set&#8221;][info_list_father][info_list_son style=&#8221;icon&#8221; titleclr=&#8221;#000000&#8243; icon=&#8221;lnr lnr-calendar-full&#8221; title=&#8221;Th\u1eddi l\u01b0\u1ee3ng h\u1ecdc &#8211; 5 tu\u1ea7n&#8221; iconclr=&#8221;#03b3fe&#8221;]Kh\u00f3a h\u1ecdc c\u1ee7a b\u1ea1n b\u1eaft \u0111\u1ea7u t\u1eeb 5-6 tu\u1ea7n tr\u01b0\u1edbc m\u1ed7i k\u1ef3 thi.<\/p>\n<p>[\/info_list_son][info_list_son style=&#8221;icon&#8221; titleclr=&#8221;#000000&#8243; icon=&#8221;fa-icon-stm_icon_clock&#8221; title=&#8221;Ph\u1ea1m vi &#8211; 100 Ti\u1ebft&#8221; iconclr=&#8221;#03b3fe&#8221;]Th\u1eddi gian h\u1ecdc h\u00e0ng tu\u1ea7n c\u1ee7a b\u1ea1n l\u00e0 20 \u0111\u01a1n v\u1ecb.<br \/>\nH\u1ecdc theo nh\u00f3m h\u1ecdc c\u1ed1 \u0111\u1ecbnh.<\/p>\n<p>[\/info_list_son][info_list_son style=&#8221;icon&#8221; titleclr=&#8221;#000000&#8243; icon=&#8221;fa fa-signal&#8221; title=&#8221;Gi\u1ea3ng d\u1ea1y tr\u1ef1c ti\u1ebfp &#8211; 40 Ti\u1ebft gi\u1ea3ng d\u1ea1y tr\u1ef1c ti\u1ebfp&#8221; iconclr=&#8221;#03b3fe&#8221;]3 cu\u1ed9c h\u1eb9n m\u1ed7i tu\u1ea7n v\u1edbi gi\u00e1o vi\u00ean \u1edf tr\u00ecnh \u0111\u1ed9 ng\u01b0\u1eddi b\u1ea3n ng\u1eef<br \/>\nL\u1edbp h\u1ecdc cu\u1ed1i tu\u1ea7n (th\u1ee9 b\u1ea3y \/ ch\u1ee7 nh\u1eadt) + 1 bu\u1ed5i h\u1eb9n v\u00e0o th\u1ee9 t\u01b0<br \/>\n[\/info_list_son][info_list_son style=&#8221;icon&#8221; titleclr=&#8221;#000000&#8243; icon=&#8221;fas fa-chalkboard-teacher&#8221; title=&#8221;N\u1ec1n t\u1ea3ng h\u1ecdc t\u1eadp t\u01b0\u01a1ng t\u00e1c &#8211; 60 Ti\u1ebft&#8221; iconclr=&#8221;#03b3fe&#8221;]B\u1ea1n \u0111\u01b0\u1ee3c h\u1ecdc \u0111\u1ed9c l\u1eadp tr\u00ean n\u1ec1n t\u1ea3ng h\u1ecdc t\u1eadp t\u01b0\u01a1ng t\u00e1c c\u1ee7a ch\u00fang t\u00f4i.<br \/>\nThi th\u1eed v\u00e0 \u0111\u00e0o t\u1ea1o d\u1ef1a tr\u00ean c\u00e1c nhi\u1ec7m v\u1ee5 ki\u1ec3m tra th\u1ef1c.<br \/>\n[\/info_list_son][info_list_son style=&#8221;icon&#8221; titleclr=&#8221;#000000&#8243; icon=&#8221;fas fa-tag&#8221; title=&#8221;Gi\u00e1 &#8211; 6.000.000\u0111&#8221; iconclr=&#8221;#03b3fe&#8221;]bao g\u1ed3m h\u1ecdc li\u1ec7u, Thi th\u1eed v\u00e0 Ch\u1ea5m \u0111i\u1ec3m<\/p>\n<p>[\/info_list_son][\/info_list_father][\/vc_column_inner][\/vc_row_inner][\/vc_column][\/vc_row][vc_row full_width=&#8221;stretch_row&#8221; column_spacing=&#8221;20&#8243; css=&#8221;.vc_custom_1603892943193{background-color: #ffffff !important;}&#8221;][vc_column][vc_headings style=&#8221;theme2&#8243; linewidth=&#8221;70&#8243; borderwidth=&#8221;3&#8243; borderclr=&#8221;#f9cc57&#8243; title=&#8221;Kh\u00f3a h\u1ecdc ti\u1ebfng \u0110\u1ee9c ph\u00f9 h\u1ee3p v\u1edbi m\u1ee5c ti\u00eau c\u1ee7a b\u1ea1n&#8221; titlesize=&#8221;32&#8243; titleclr=&#8221;#333333&#8243; font_weight=&#8221;700&#8243; classname=&#8221;learn-1&#8243;][\/vc_headings][vc_row_inner css=&#8221;.vc_custom_1603887858011{padding-top: 50px !important;}&#8221;][vc_column_inner width=&#8221;1\/2&#8243; el_id=&#8221;info-box-1&#8243;][mvc_infobox info_opt=&#8221;show_icon&#8221; icon_size=&#8221;65&#8243; icon_height=&#8221;90&#8243; shadow=&#8221;vc_info_box_shadow&#8221; link=&#8221;link_box&#8221; title_color=&#8221;#3da9dc&#8221; info_title=&#8221;GO! Si\u00eau C\u1ea5p T\u1ed1c&#8221; title_size=&#8221;16&#8243; info_desc=&#8221;Write a short description, that will describe the title or something informational and useful.&#8221; font_icon=&#8221;stmlms-books_cl&#8221; icon_color=&#8221;#3da9dc&#8221; btn_url=&#8221;url:http%3A%2F%2Fgoforgerman.de%2Fvi%2Fgo-intensive%2F&#8221; css=&#8221;.vc_custom_1633007730125{padding-top: 10px !important;padding-right: 35px !important;padding-bottom: 35px !important;padding-left: 35px !important;}&#8221;]<\/p>\n<ul>\n<li style=\"text-align: left;\" aria-level=\"1\">Kh\u00f3a h\u1ecdc ti\u1ebfng \u0110\u1ee9c si\u00eau c\u1ea5p t\u1ed1c v\u1edbi 20 bu\u1ed5i h\u1ecdc m\u1ed7i tu\u1ea7n.<\/li>\n<li style=\"text-align: left;\" aria-level=\"1\">Th\u1eddi l\u01b0\u1ee3ng kh\u00f3a h\u1ecdc: 5 tu\u1ea7n.<\/li>\n<li style=\"text-align: left;\" aria-level=\"1\">T\u1ed5ng s\u1ed1: 100 ti\u1ebft<\/li>\n<li style=\"text-align: left;\" aria-level=\"1\">H\u1ecdc theo nh\u00f3m c\u1ed1 \u0111\u1ecbnh v\u1edbi 10 -12 ng\u01b0\u1eddi tham gia<\/li>\n<li style=\"text-align: left;\" aria-level=\"1\">Bao g\u1ed3m Go! 15 Minuten 1 bu\u1ed5i \/ 1 tu\u1ea7n (mi\u1ec5n ph\u00ed)<\/li>\n<\/ul>\n<p style=\"text-align: center;\"><em>S\u1ef1 chu\u1ea9n b\u1ecb l\u00fd t\u01b0\u1edfng c\u1ee7a b\u1ea1n cho du h\u1ecdc ngh\u1ec1 ho\u1eb7c du h\u1ecdc \u0111\u1ea1i h\u1ecdc t\u1ea1i \u0110\u1ee9c.<a href=\"https:\/\/goforgerman.de\/vi\/go-intensive\/\">\u1ea4n \u0111\u1ec3 bi\u1ebft th\u00eam th\u00f4ng tin<\/a><\/em><\/p>\n<p>[\/mvc_infobox][\/vc_column_inner][vc_column_inner width=&#8221;1\/2&#8243; el_id=&#8221;info-box-2&#8243;][mvc_infobox info_opt=&#8221;show_icon&#8221; icon_size=&#8221;65&#8243; icon_height=&#8221;90&#8243; shadow=&#8221;vc_info_box_shadow&#8221; link=&#8221;link_box&#8221; title_color=&#8221;#162d74&#8243; info_title=&#8221;GO! 15 SPRECHTRAINING&#8221; title_size=&#8221;16&#8243; info_desc=&#8221;Write a short description, that will describe the title or something informational and useful.&#8221; font_icon=&#8221;stmlms-lms-clocks&#8221; icon_color=&#8221;#162d74&#8243; btn_url=&#8221;url:http%3A%2F%2Fgoforgerman.de%2Fvi%2Fgo-15min-germany%2F&#8221; css=&#8221;.vc_custom_1633005563230{padding-top: 10px !important;padding-right: 35px !important;padding-bottom: 35px !important;padding-left: 35px !important;}&#8221;]<\/p>\n<ul>\n<li style=\"text-align: left;\" aria-level=\"1\">Giao l\u01b0u tr\u1ef1c ti\u1ebfp v\u1edbi gia s\u01b0 n\u00f3i ti\u1ebfng \u0110\u1ee9c b\u1ea3n ng\u1eef<\/li>\n<li style=\"text-align: left;\" aria-level=\"1\">\u0110\u00e0o t\u1ea1o v\u1ec1 ng\u1eef \u00e2m v\u00e0 di\u1ec5n \u0111\u1ea1t<\/li>\n<li style=\"text-align: left;\" aria-level=\"1\">N\u1ed9i dung v\u00e0 ch\u1ee7 \u0111\u1ec1 \u0111\u01b0\u1ee3c \u0111i\u1ec1u ch\u1ec9nh theo nhu c\u1ea7u<\/li>\n<li style=\"text-align: left;\" aria-level=\"1\">Th\u00edch h\u1ee3p \u0111\u1ec3 chu\u1ea9n b\u1ecb cho b\u00e0i thi k\u1ef9 n\u0103ng n\u00f3i<\/li>\n<\/ul>\n<p style=\"text-align: center;\"><em>G\u1eb7p g\u1ee1 m\u1ed9t ho\u1eb7c v\u00e0i l\u1ea7n m\u1ed9t tu\u1ea7n v\u1edbi gia s\u01b0 c\u1ee7a b\u1ea1n v\u00e0 c\u1ea3i thi\u1ec7n ngay k\u1ef9 n\u0103ng giao ti\u1ebfp c\u1ee7a b\u1ea1n! <a href=\"https:\/\/goforgerman.de\/vi\/go-15min-germany\/\">\u1ea4n \u0111\u1ec3 bi\u1ebft th\u00eam th\u00f4ng tin<\/a><\/em><\/p>\n<p>[\/mvc_infobox][\/vc_column_inner][\/vc_row_inner][\/vc_column][\/vc_row][vc_row full_width=&#8221;stretch_row&#8221; css=&#8221;.vc_custom_1603892949402{margin-bottom: -35px !important;padding-top: 50px !important;padding-bottom: 50px !important;background-color: #e0f5ff !important;}&#8221;][vc_column][vc_headings style=&#8221;theme2&#8243; linewidth=&#8221;70&#8243; borderwidth=&#8221;3&#8243; borderclr=&#8221;#f9cc57&#8243; title=&#8221;Ch\u00fang t\u00f4i s\u1eb5n s\u00e0ng gi\u00fap \u0111\u1ee1!&#8221; titlesize=&#8221;32&#8243; titleclr=&#8221;#333333&#8243; font_weight=&#8221;700&#8243; classname=&#8221;learn-1&#8243;][\/vc_headings][vc_column_text css=&#8221;.vc_custom_1633005610578{padding-top: 40px !important;}&#8221;]<\/p>\n<p style=\"text-align: center;\">\u0110\u1ed9i ng\u0169 t\u01b0 v\u1ea5n c\u1ee7a ch\u00fang t\u00f4i lu\u00f4n s\u1eb5n s\u00e0ng gi\u1ea3i \u0111\u00e1p c\u00e1c th\u1eafc m\u1eafc c\u1ee7a b\u1ea1n.<\/p>\n<p>[\/vc_column_text][vc_row_inner][vc_column_inner width=&#8221;1\/3&#8243;][\/vc_column_inner][vc_column_inner width=&#8221;1\/3&#8243;][vc_btn title=&#8221;KONTAKT&#8221; style=&#8221;theme-button&#8221; color=&#8221;sky&#8221; align=&#8221;center&#8221; i_icon_fontawesome=&#8221;fa-icon-stm_icon_mail-o&#8221; add_icon=&#8221;true&#8221; link=&#8221;url:http%3A%2F%2Fgoforgerman.de%2Fkontakt-aufnehmen%2F|title:Kontakt&#8221;][\/vc_column_inner][vc_column_inner width=&#8221;1\/3&#8243;][\/vc_column_inner][\/vc_row_inner][\/vc_column][\/vc_row]<\/p>\n","protected":false},"excerpt":{"rendered":"<p>[vc_row full_width=&#8221;stretch_row&#8221; css=&#8221;.vc_custom_1608635563670{margin-top: -50px !important;}&#8221;][vc_column][\/vc_column][\/vc_row][vc_row][vc_column][vc_row_inner][vc_column_inner width=&#8221;1\/2&#8243; el_id=&#8221;learn-1&#8243;][vc_headings style=&#8221;theme2&#8243; linewidth=&#8221;70&#8243; borderwidth=&#8221;3&#8243; borderclr=&#8221;#f9cc57&#8243; title=&#8221;GO! Luy\u1ec7n thi&#8221; align=&#8221;left&#8221; titlesize=&#8221;32&#8243; titleclr=&#8221;#333333&#8243; font_weight=&#8221;700&#8243;][\/vc_headings][vc_column_text]C\u00e1c kh\u00f3a h\u1ecdc luy\u1ec7n thi c\u1ee7a ch\u00fang t\u00f4i h\u01b0\u1edbng \u0111\u1ebfn c\u00e1c \u1ee9ng vi\u00ean thi A2, B1, B2 v\u00e0 C1 mu\u1ed1n h\u1ecdc t\u1eadp t\u1ea1i \u0110\u1ee9c. B\u1ea1n c\u00f3 th\u1ec3 l\u1ef1a ch\u1ecdn n\u1ed9i dung theo Ch\u1ee9ng ch\u1ec9 \u0111\u00e3 \u0111\u0103ng k\u00fd thi [&hellip;]<\/p>\n","protected":false},"author":2,"featured_media":0,"parent":0,"menu_order":0,"comment_status":"closed","ping_status":"closed","template":"","meta":[],"_links":{"self":[{"href":"https:\/\/goforgerman.de\/vi\/wp-json\/wp\/v2\/pages\/2590"}],"collection":[{"href":"https:\/\/goforgerman.de\/vi\/wp-json\/wp\/v2\/pages"}],"about":[{"href":"https:\/\/goforgerman.de\/vi\/wp-json\/wp\/v2\/types\/page"}],"author":[{"embeddable":true,"href":"https:\/\/goforgerman.de\/vi\/wp-json\/wp\/v2\/users\/2"}],"replies":[{"embeddable":true,"href":"https:\/\/goforgerman.de\/vi\/wp-json\/wp\/v2\/comments?post=2590"}],"version-history":[{"count":0,"href":"https:\/\/goforgerman.de\/vi\/wp-json\/wp\/v2\/pages\/2590\/revisions"}],"wp:attachment":[{"href":"https:\/\/goforgerman.de\/vi\/wp-json\/wp\/v2\/media?parent=2590"}],"curies":[{"name":"wp","href":"https:\/\/api.w.org\/{rel}","templated":true}]}}