{"id":2677,"date":"2020-11-04T12:23:00","date_gmt":"2020-11-04T11:23:00","guid":{"rendered":"https:\/\/goforgerman.de\/impressum\/"},"modified":"2021-12-02T02:31:18","modified_gmt":"2021-12-02T01:31:18","slug":"impressum","status":"publish","type":"page","link":"https:\/\/goforgerman.de\/tr\/impressum\/","title":{"rendered":"K\u00fcnye"},"content":{"rendered":"<p>[vc_row][vc_column][vc_column_text]<\/p>\n<h1>K\u00fcnye<\/h1>\n<h2>\u00a7 5 TMG&#8217;ye g\u00f6re<\/h2>\n<div class=\"no-trans\">GOFORGERMAN GbR<br \/>\nKleiner Kielort 3<br \/>\n20144 Hamburg<\/div>\n<h2><\/h2>\n<h2>\u0130leti\u015fim<\/h2>\n<p>E-posta: info@goforgerman.de<\/p>\n<h2>Edit\u00f6rden sorumlu<\/h2>\n<p>Erk Yontar<\/p>\n<h2>T\u00fcketici uyu\u015fmazl\u0131k \u00e7\u00f6z\u00fcm\u00fc \/ evrensel tahkim kurulu<\/h2>\n<p>Bir t\u00fcketici hakem heyeti nezdinde uyu\u015fmazl\u0131k \u00e7\u00f6z\u00fcm s\u00fcre\u00e7lerine kat\u0131lmaya ne istekli ne de mecburuz.<\/p>\n<h3>\u0130\u00e7erik i\u00e7in Sorumluluk<\/h3>\n<p>Bir hizmet sa\u011flay\u0131c\u0131 olarak, Alman Telemedia Yasas\u0131&#8217;n\u0131n 7 (1) B\u00f6l\u00fcm\u00fc uyar\u0131nca genel yasaya uygun olarak bu sayfalardaki kendi i\u00e7eri\u011fimizden sorumluyuz. \u00a7\u00a7 8 ila 10 TMG&#8217;ye g\u00f6re, bir hizmet sa\u011flay\u0131c\u0131 olarak, iletilen veya saklanan \u00fc\u00e7\u00fcnc\u00fc taraf bilgilerini izlemek veya yasa d\u0131\u015f\u0131 faaliyet g\u00f6steren durumlar\u0131 ara\u015ft\u0131rmak zorunda de\u011filiz.<\/p>\n<p>Genel yasalara uygun olarak bilgilerin kullan\u0131m\u0131n\u0131n kald\u0131r\u0131lmas\u0131 veya engellenmesi y\u00fck\u00fcml\u00fcl\u00fc\u011f\u00fc etkilenmez. Bu konudaki sorumluluk, ancak belirli bir yasal ihlalin fark\u0131na vard\u0131\u011f\u0131m\u0131z andan itibaren m\u00fcmk\u00fcnd\u00fcr. Bu t\u00fcr yasal ihlallerin fark\u0131na var\u0131r varmaz, bu i\u00e7eri\u011fi derhal kald\u0131raca\u011f\u0131z.<\/p>\n<h3>Ba\u011flant\u0131lar\u0131 i\u00e7in Sorumluluk<\/h3>\n<p>Teklifimiz, i\u00e7eri\u011fini etkilemedi\u011fimiz harici \u00fc\u00e7\u00fcnc\u00fc taraf web sitelerine ba\u011flant\u0131lar i\u00e7erir. Bu nedenle, bu \u00fc\u00e7\u00fcnc\u00fc \u015fah\u0131s i\u00e7eri\u011fi i\u00e7in herhangi bir sorumluluk kabul edemiyoruz. Sayfalar\u0131n ilgili sa\u011flay\u0131c\u0131s\u0131 veya operat\u00f6r\u00fc, ba\u011flant\u0131l\u0131 sayfalar\u0131n i\u00e7eri\u011finden her zaman sorumludur. Ba\u011flant\u0131l\u0131 sayfalar, ba\u011flant\u0131 kuruldu\u011fu s\u0131rada olas\u0131 yasal ihlallere kar\u015f\u0131 kontrol edildi. Ba\u011flant\u0131n\u0131n olu\u015fturuldu\u011fu s\u0131rada yasad\u0131\u015f\u0131 i\u00e7erik bulunamad\u0131.<\/p>\n<p>Ba\u011flant\u0131l\u0131 sayfalar\u0131n i\u00e7eri\u011finin kal\u0131c\u0131 bir \u015fekilde kontrol edilmesi, somut bir ihlal kan\u0131t\u0131 olmadan makul de\u011fildir. Yasal ihlallerin fark\u0131na var\u0131rsak, bu t\u00fcr ba\u011flant\u0131lar\u0131 derhal kald\u0131raca\u011f\u0131z.<\/p>\n<h3>Telif hakk\u0131<\/h3>\n<p>Web sitesi operat\u00f6r\u00fc taraf\u0131ndan olu\u015fturulan bu sayfalardaki i\u00e7erik ve eserler Alman telif hakk\u0131 yasas\u0131na tabidir. Telif hakk\u0131 yasas\u0131n\u0131n s\u0131n\u0131rlar\u0131 d\u0131\u015f\u0131nda kalan her t\u00fcrl\u00fc s\u00f6m\u00fcr\u00fc, \u00e7o\u011faltma, i\u015fleme, da\u011f\u0131t\u0131m ve her t\u00fcrl\u00fc s\u00f6m\u00fcr\u00fc, ilgili yazar\u0131n veya yarat\u0131c\u0131n\u0131n yaz\u0131l\u0131 onay\u0131n\u0131 gerektirir. Bu web sitesinin indirilmesine ve kopyalanmas\u0131na yaln\u0131zca \u00f6zel, ticari olmayan kullan\u0131m i\u00e7in izin verilmektedir.<\/p>\n<p>Bu sitedeki i\u00e7erik operat\u00f6r taraf\u0131ndan olu\u015fturulmad\u0131\u011f\u0131 \u00f6l\u00e7\u00fcde, \u00fc\u00e7\u00fcnc\u00fc \u015fah\u0131slar\u0131n telif haklar\u0131 g\u00f6zetilir. \u00d6zellikle \u00fc\u00e7\u00fcnc\u00fc \u015fah\u0131slar\u0131n i\u00e7erikleri bu \u015fekilde i\u015faretlenmi\u015ftir. Yine de bir telif hakk\u0131 ihlalinden haberdar olursan\u0131z, bunu bize uygun \u015fekilde bildirmenizi rica ederiz. Yasal ihlallerin fark\u0131na var\u0131r varmaz, bu t\u00fcr i\u00e7erikleri derhal kald\u0131raca\u011f\u0131z.<\/p>\n<p>&nbsp;<\/p>\n<p>Kaynak: <a href=\"https:\/\/www.e-recht24.de\">eRecht24<\/a>[\/vc_column_text][\/vc_column][\/vc_row][vc_row full_width=&#8221;stretch_row&#8221; css=&#8221;.vc_custom_1603795113819{padding-top: 50px !important;padding-bottom: 50px !important;background-color: #e0f5ff !important;}&#8221;][vc_column][vc_custom_heading text=&#8221;Size yard\u0131mc\u0131 olmaktan mutluluk duyar\u0131z&#8221; font_container=&#8221;tag:h2|text_align:center|color:%23162d74&#8243; use_theme_fonts=&#8221;yes&#8221; css=&#8221;.vc_custom_1630065432594{margin-bottom: -13px !important;}&#8221;][stm_color_separator css=&#8221;.vc_custom_1603279774541{margin-bottom: 0px !important;padding-bottom: 40px !important;}&#8221;][vc_column_text css=&#8221;.vc_custom_1630065469415{padding-top: 40px !important;}&#8221;]<\/p>\n<div class=\"wpb_text_column wpb_content_element vc_custom_1629811447625\">\n<div class=\"wpb_wrapper\">\n<p style=\"text-align: center;\">M\u00fc\u015fteri hizmetlerimiz, sizin sorular\u0131n\u0131z\u0131 veya iste\u011finizi yan\u0131tlamaktan mutluluk duyar.<\/p>\n<\/div>\n<\/div>\n<p>[\/vc_column_text][vc_row_inner][vc_column_inner width=&#8221;1\/3&#8243;][\/vc_column_inner][vc_column_inner width=&#8221;1\/3&#8243;][vc_btn title=&#8221;\u0130leti\u015fime ge\u00e7&#8221; style=&#8221;theme-button&#8221; color=&#8221;sky&#8221; align=&#8221;center&#8221; i_icon_fontawesome=&#8221;fa-icon-stm_icon_phone-o&#8221; add_icon=&#8221;true&#8221; link=&#8221;url:http%3A%2F%2Fgoforgerman.de%2Ftr%2Fkontakt%2F&#8221;][\/vc_column_inner][vc_column_inner width=&#8221;1\/3&#8243;][\/vc_column_inner][\/vc_row_inner][\/vc_column][\/vc_row]<\/p>\n","protected":false},"excerpt":{"rendered":"<p>[vc_row][vc_column][vc_column_text] K\u00fcnye \u00a7 5 TMG&#8217;ye g\u00f6re GOFORGERMAN GbR Kleiner Kielort 3 20144 Hamburg \u0130leti\u015fim E-posta: info@goforgerman.de Edit\u00f6rden sorumlu Erk Yontar T\u00fcketici uyu\u015fmazl\u0131k \u00e7\u00f6z\u00fcm\u00fc \/ evrensel tahkim kurulu Bir t\u00fcketici hakem heyeti nezdinde uyu\u015fmazl\u0131k \u00e7\u00f6z\u00fcm s\u00fcre\u00e7lerine kat\u0131lmaya ne istekli ne de mecburuz. \u0130\u00e7erik i\u00e7in Sorumluluk Bir hizmet sa\u011flay\u0131c\u0131 olarak, Alman Telemedia Yasas\u0131&#8217;n\u0131n 7 (1) B\u00f6l\u00fcm\u00fc uyar\u0131nca [&hellip;]<\/p>\n","protected":false},"author":9,"featured_media":0,"parent":0,"menu_order":0,"comment_status":"closed","ping_status":"closed","template":"","meta":[],"_links":{"self":[{"href":"https:\/\/goforgerman.de\/tr\/wp-json\/wp\/v2\/pages\/2677"}],"collection":[{"href":"https:\/\/goforgerman.de\/tr\/wp-json\/wp\/v2\/pages"}],"about":[{"href":"https:\/\/goforgerman.de\/tr\/wp-json\/wp\/v2\/types\/page"}],"author":[{"embeddable":true,"href":"https:\/\/goforgerman.de\/tr\/wp-json\/wp\/v2\/users\/9"}],"replies":[{"embeddable":true,"href":"https:\/\/goforgerman.de\/tr\/wp-json\/wp\/v2\/comments?post=2677"}],"version-history":[{"count":0,"href":"https:\/\/goforgerman.de\/tr\/wp-json\/wp\/v2\/pages\/2677\/revisions"}],"wp:attachment":[{"href":"https:\/\/goforgerman.de\/tr\/wp-json\/wp\/v2\/media?parent=2677"}],"curies":[{"name":"wp","href":"https:\/\/api.w.org\/{rel}","templated":true}]}}