{"id":2621,"date":"2021-01-03T15:14:46","date_gmt":"2021-01-03T14:14:46","guid":{"rendered":"https:\/\/goforgerman.de\/kontakt-aufnehmen\/"},"modified":"2022-01-13T12:53:21","modified_gmt":"2022-01-13T11:53:21","slug":"kontakt-aufnehmen","status":"publish","type":"page","link":"https:\/\/goforgerman.de\/tr\/kontakt-aufnehmen\/","title":{"rendered":"Bizimle ileti\u015fime ge\u00e7in"},"content":{"rendered":"<p>[vc_row][vc_column]<div class=\"wpforms-container wpforms-container-full\" id=\"wpforms-2618\"><form id=\"wpforms-form-2618\" class=\"wpforms-validate wpforms-form\" data-formid=\"2618\" method=\"post\" enctype=\"multipart\/form-data\" action=\"\/tr\/wp-json\/wp\/v2\/pages\/2621\" data-token=\"547e7f43da22b3c985acb0678cfab637\"><noscript class=\"wpforms-error-noscript\">Please enable JavaScript in your browser to complete this form.<\/noscript><div class=\"wpforms-field-container\"><div id=\"wpforms-2618-field_0-container\" class=\"wpforms-field wpforms-field-name\" data-field-id=\"0\"><label class=\"wpforms-field-label\" for=\"wpforms-2618-field_0\">Ad-Soyad <span class=\"wpforms-required-label\">*<\/span><\/label><div class=\"wpforms-field-row wpforms-field-medium\"><div class=\"wpforms-field-row-block wpforms-first wpforms-one-half\"><input type=\"text\" id=\"wpforms-2618-field_0\" class=\"wpforms-field-name-first wpforms-field-required\" name=\"wpforms[fields][0][first]\" required><label for=\"wpforms-2618-field_0\" class=\"wpforms-field-sublabel after wpforms-sublabel-hide\">First<\/label><\/div><div class=\"wpforms-field-row-block wpforms-one-half\"><input type=\"text\" id=\"wpforms-2618-field_0-last\" class=\"wpforms-field-name-last wpforms-field-required\" name=\"wpforms[fields][0][last]\" required><label for=\"wpforms-2618-field_0-last\" class=\"wpforms-field-sublabel after wpforms-sublabel-hide\">Last<\/label><\/div><\/div><\/div><div id=\"wpforms-2618-field_1-container\" class=\"wpforms-field wpforms-field-email\" data-field-id=\"1\"><label class=\"wpforms-field-label\" for=\"wpforms-2618-field_1\">E-Mail <span class=\"wpforms-required-label\">*<\/span><\/label><input type=\"email\" id=\"wpforms-2618-field_1\" class=\"wpforms-field-medium wpforms-field-required\" name=\"wpforms[fields][1]\" required><\/div><div id=\"wpforms-2618-field_7-container\" class=\"wpforms-field wpforms-field-text\" data-field-id=\"7\"><label class=\"wpforms-field-label\" for=\"wpforms-2618-field_7\">Cep Telefonu <span class=\"wpforms-required-label\">*<\/span><\/label><input type=\"text\" id=\"wpforms-2618-field_7\" class=\"wpforms-field-medium wpforms-field-required\" name=\"wpforms[fields][7]\" required><\/div><div id=\"wpforms-2618-field_4-container\" class=\"wpforms-field wpforms-field-text\" data-field-id=\"4\"><label class=\"wpforms-field-label\" for=\"wpforms-2618-field_4\">Konu<\/label><input type=\"text\" id=\"wpforms-2618-field_4\" class=\"wpforms-field-medium\" name=\"wpforms[fields][4]\" ><\/div><div id=\"wpforms-2618-field_2-container\" class=\"wpforms-field wpforms-field-textarea\" data-field-id=\"2\"><label class=\"wpforms-field-label\" for=\"wpforms-2618-field_2\">A\u00e7\u0131klama \/ Mesaj <span class=\"wpforms-required-label\">*<\/span><\/label><textarea id=\"wpforms-2618-field_2\" class=\"wpforms-field-medium wpforms-field-required\" name=\"wpforms[fields][2]\" required><\/textarea><div class=\"wpforms-field-description\">L\u00fctfen, iste\u011finle ilgili ayr\u0131nt\u0131lar\u0131 bize ilet. Destek ekibinin bir \u00fcyesi sana yan\u0131t verecektir.<\/div><\/div><\/div><div class=\"wpforms-recaptcha-container wpforms-is-recaptcha\"><div class=\"g-recaptcha\" data-sitekey=\"6Lf1ORoaAAAAAOKmRe-vEZcsLF_JjYi9qsX6XuCv\"><\/div><input type=\"text\" name=\"g-recaptcha-hidden\" class=\"wpforms-recaptcha-hidden\" style=\"position:absolute!important;clip:rect(0,0,0,0)!important;height:1px!important;width:1px!important;border:0!important;overflow:hidden!important;padding:0!important;margin:0!important;\" required><\/div><div class=\"wpforms-submit-container\"><input type=\"hidden\" name=\"wpforms[id]\" value=\"2618\"><input type=\"hidden\" name=\"wpforms[author]\" value=\"0\"><button type=\"submit\" name=\"wpforms[submit]\" id=\"wpforms-submit-2618\" class=\"wpforms-submit\" data-alt-text=\"G\u00f6nderiliyor...\" data-submit-text=\"G\u00f6nder\" aria-live=\"assertive\" value=\"wpforms-submit\">G\u00f6nder<\/button><\/div><\/form><\/div>  <!-- .wpforms-container -->[\/vc_column][\/vc_row][vc_column][\/vc_column][vc_row][vc_column css_animation=&#8221;appear&#8221;][vc_separator][vc_custom_heading text=&#8221;Daha h\u0131zl\u0131 ileti\u015fim i\u00e7in&#8230;&#8221; font_container=&#8221;tag:h2|text_align:center&#8221; use_theme_fonts=&#8221;yes&#8221; css_animation=&#8221;fadeIn&#8221;][vc_row_inner][vc_column_inner width=&#8221;1\/4&#8243;][mvc_infobox info_style=&#8221;mega_info_box_2&#8243; info_opt=&#8221;show_icon&#8221; icon_size=&#8221;40&#8243; link=&#8221;link_box&#8221; title_color=&#8221;#000000&#8243; font_icon=&#8221;fas fa-envelope&#8221; icon_color=&#8221;#1f98f4&#8243; btn_url=&#8221;url:mailto%3Akontakt%40goforgerman.de|target:_blank&#8221; caption_url=&#8221;&#8221;]<\/p>\n<h3><strong>E-Mail:<\/strong><\/h3>\n<h4><strong>kontakt<\/strong><\/h4>\n<p>[\/mvc_infobox][\/vc_column_inner][vc_column_inner width=&#8221;1\/4&#8243;][mvc_infobox info_style=&#8221;mega_info_box_2&#8243; info_opt=&#8221;show_icon&#8221; icon_size=&#8221;40&#8243; link=&#8221;link_box&#8221; title_color=&#8221;#000000&#8243; font_icon=&#8221;fab fa-whatsapp-square&#8221; icon_color=&#8221;#a7ea48&#8243; btn_url=&#8221;url:https%3A%2F%2Fwa.me%2F491746269720|target:_blank&#8221;]<\/p>\n<h3><strong>WhatsApp:<\/strong><\/h3>\n<h4><strong>+49 174 626 97 20<\/strong><\/h4>\n<p>[\/mvc_infobox][\/vc_column_inner][vc_column_inner width=&#8221;1\/4&#8243;][mvc_infobox info_style=&#8221;mega_info_box_2&#8243; info_opt=&#8221;show_icon&#8221; icon_size=&#8221;40&#8243; link=&#8221;link_box&#8221; title_color=&#8221;#000000&#8243; font_icon=&#8221;fab fa-instagram&#8221; hoverclr=&#8221;#d64269&#8243; btn_url=&#8221;url:https%3A%2F%2Fwww.instagram.com%2Fgoforgerman_turkiye%2F|title:GOFORGERMAN%20T%C3%BCrkiye%20Instagram|target:_blank&#8221; icon_color=&#8221;#d64269&#8243;]<\/p>\n<h3><strong>Instagram:<\/strong><\/h3>\n<h4><strong>\/goforgerman_turkiye<\/strong><\/h4>\n<p>[\/mvc_infobox][\/vc_column_inner][vc_column_inner width=&#8221;1\/4&#8243;][mvc_infobox info_style=&#8221;mega_info_box_2&#8243; info_opt=&#8221;show_icon&#8221; icon_size=&#8221;40&#8243; link=&#8221;link_box&#8221; title_color=&#8221;#000000&#8243; font_icon=&#8221;fab fa-facebook-square&#8221; icon_color=&#8221;#427bd6&#8243; btn_url=&#8221;url:https%3A%2F%2Fwww.facebook.com%2Fgoforgerman.turkiye|title:GOFORGERMAN%20T%C3%BCrkiye%20Facebook|target:_blank&#8221;]<\/p>\n<h3><strong>Facebook:<\/strong><\/h3>\n<h4><strong>\/goforgerman.turkiye<\/strong><\/h4>\n<p>[\/mvc_infobox][\/vc_column_inner][\/vc_row_inner][\/vc_column][\/vc_row][vc_row][vc_column][vc_separator][\/vc_column][\/vc_row]<\/p>\n","protected":false},"excerpt":{"rendered":"<p>[vc_row][vc_column][\/vc_column][\/vc_row][vc_column][\/vc_column][vc_row][vc_column css_animation=&#8221;appear&#8221;][vc_separator][vc_custom_heading text=&#8221;Daha h\u0131zl\u0131 ileti\u015fim i\u00e7in&#8230;&#8221; font_container=&#8221;tag:h2|text_align:center&#8221; use_theme_fonts=&#8221;yes&#8221; css_animation=&#8221;fadeIn&#8221;][vc_row_inner][vc_column_inner width=&#8221;1\/4&#8243;][mvc_infobox info_style=&#8221;mega_info_box_2&#8243; info_opt=&#8221;show_icon&#8221; icon_size=&#8221;40&#8243; link=&#8221;link_box&#8221; title_color=&#8221;#000000&#8243; font_icon=&#8221;fas fa-envelope&#8221; icon_color=&#8221;#1f98f4&#8243; btn_url=&#8221;url:mailto%3Akontakt%40goforgerman.de|target:_blank&#8221; caption_url=&#8221;&#8221;] E-Mail: kontakt [\/mvc_infobox][\/vc_column_inner][vc_column_inner width=&#8221;1\/4&#8243;][mvc_infobox info_style=&#8221;mega_info_box_2&#8243; info_opt=&#8221;show_icon&#8221; icon_size=&#8221;40&#8243; link=&#8221;link_box&#8221; title_color=&#8221;#000000&#8243; font_icon=&#8221;fab fa-whatsapp-square&#8221; icon_color=&#8221;#a7ea48&#8243; btn_url=&#8221;url:https%3A%2F%2Fwa.me%2F491746269720|target:_blank&#8221;] WhatsApp: +49 174 626 97 20 [\/mvc_infobox][\/vc_column_inner][vc_column_inner width=&#8221;1\/4&#8243;][mvc_infobox info_style=&#8221;mega_info_box_2&#8243; info_opt=&#8221;show_icon&#8221; icon_size=&#8221;40&#8243; link=&#8221;link_box&#8221; title_color=&#8221;#000000&#8243; font_icon=&#8221;fab fa-instagram&#8221; hoverclr=&#8221;#d64269&#8243; btn_url=&#8221;url:https%3A%2F%2Fwww.instagram.com%2Fgoforgerman_turkiye%2F|title:GOFORGERMAN%20T%C3%BCrkiye%20Instagram|target:_blank&#8221; icon_color=&#8221;#d64269&#8243;] Instagram: \/goforgerman_turkiye [\/mvc_infobox][\/vc_column_inner][vc_column_inner width=&#8221;1\/4&#8243;][mvc_infobox [&hellip;]<\/p>\n","protected":false},"author":6,"featured_media":0,"parent":0,"menu_order":0,"comment_status":"closed","ping_status":"closed","template":"","meta":[],"_links":{"self":[{"href":"https:\/\/goforgerman.de\/tr\/wp-json\/wp\/v2\/pages\/2621"}],"collection":[{"href":"https:\/\/goforgerman.de\/tr\/wp-json\/wp\/v2\/pages"}],"about":[{"href":"https:\/\/goforgerman.de\/tr\/wp-json\/wp\/v2\/types\/page"}],"author":[{"embeddable":true,"href":"https:\/\/goforgerman.de\/tr\/wp-json\/wp\/v2\/users\/6"}],"replies":[{"embeddable":true,"href":"https:\/\/goforgerman.de\/tr\/wp-json\/wp\/v2\/comments?post=2621"}],"version-history":[{"count":0,"href":"https:\/\/goforgerman.de\/tr\/wp-json\/wp\/v2\/pages\/2621\/revisions"}],"wp:attachment":[{"href":"https:\/\/goforgerman.de\/tr\/wp-json\/wp\/v2\/media?parent=2621"}],"curies":[{"name":"wp","href":"https:\/\/api.w.org\/{rel}","templated":true}]}}