{"id":2612,"date":"2020-12-16T14:33:14","date_gmt":"2020-12-16T13:33:14","guid":{"rendered":"https:\/\/goforgerman.de\/go-test\/"},"modified":"2021-08-25T08:57:25","modified_gmt":"2021-08-25T06:57:25","slug":"go-test","status":"publish","type":"page","link":"https:\/\/goforgerman.de\/tr\/go-test\/","title":{"rendered":"Go Test Seviye Tesbit S\u0131nav\u0131"},"content":{"rendered":"<p>[vc_row][vc_column]\n\t\t\t<!-- START Einstufungstest REVOLUTION SLIDER 6.4.11 --><p class=\"rs-p-wp-fix\"><\/p>\n\t\t\t<rs-module-wrap id=\"rev_slider_15_1_wrapper\" data-source=\"gallery\" style=\"background:transparent;padding:0;margin:0px auto;margin-top:0;margin-bottom:0;max-width:;\">\n\t\t\t\t<rs-module id=\"rev_slider_15_1\" style=\"\" data-version=\"6.4.11\">\n\t\t\t\t\t<rs-slides>\n\t\t\t\t\t\t<rs-slide data-key=\"rs-24\" data-title=\"Slide\" data-anim=\"ms:600;r:0;\" data-in=\"o:0;\" data-out=\"a:false;\">\n\t\t\t\t\t\t\t<img src=\"\/\/goforgerman.de\/wp-content\/uploads\/2021\/02\/3.jpg\" title=\"3\" width=\"1200\" height=\"450\" class=\"rev-slidebg tp-rs-img\" data-bg=\"f:contain;\" data-no-retina>\n<!---->\t\t\t\t\t\t<\/rs-slide>\n\t\t\t\t\t<\/rs-slides>\n\t\t\t\t<\/rs-module>\n\t\t\t\t<script type=\"text\/javascript\">\n\t\t\t\t\tsetREVStartSize({c: 'rev_slider_15_1',rl:[1240,1240,778,480],el:[450,450,300,200],gw:[1200,1200,778,480],gh:[450,450,300,200],type:'hero',justify:'',layout:'fullwidth',mh:\"0\"});\n\t\t\t\t\tvar\trevapi15,\n\t\t\t\t\t\ttpj;\n\t\t\t\t\tfunction revinit_revslider151() {\n\t\t\t\t\tjQuery(function() {\n\t\t\t\t\t\ttpj = jQuery;\n\t\t\t\t\t\trevapi15 = tpj(\"#rev_slider_15_1\");\n\t\t\t\t\t\tif(revapi15==undefined || revapi15.revolution == undefined){\n\t\t\t\t\t\t\trevslider_showDoubleJqueryError(\"rev_slider_15_1\");\n\t\t\t\t\t\t}else{\n\t\t\t\t\t\t\trevapi15.revolution({\n\t\t\t\t\t\t\t\tsliderType:\"hero\",\n\t\t\t\t\t\t\t\tvisibilityLevels:\"1240,1240,778,480\",\n\t\t\t\t\t\t\t\tgridwidth:\"1200,1200,778,480\",\n\t\t\t\t\t\t\t\tgridheight:\"450,450,300,200\",\n\t\t\t\t\t\t\t\tspinner:\"spinner0\",\n\t\t\t\t\t\t\t\tperspective:600,\n\t\t\t\t\t\t\t\tperspectiveType:\"local\",\n\t\t\t\t\t\t\t\teditorheight:\"450,650,300,200\",\n\t\t\t\t\t\t\t\tresponsiveLevels:\"1240,1240,778,480\",\n\t\t\t\t\t\t\t\tprogressBar:{disableProgressBar:true},\n\t\t\t\t\t\t\t\tnavigation: {\n\t\t\t\t\t\t\t\t\tonHoverStop:false\n\t\t\t\t\t\t\t\t},\n\t\t\t\t\t\t\t\tfallbacks: {\n\t\t\t\t\t\t\t\t\tallowHTML5AutoPlayOnAndroid:true\n\t\t\t\t\t\t\t\t},\n\t\t\t\t\t\t\t});\n\t\t\t\t\t\t}\n\t\t\t\t\t\t\n\t\t\t\t\t});\n\t\t\t\t\t} \/\/ End of RevInitScript\n\t\t\t\tvar once_revslider151 = false;\n\t\t\t\tif (document.readyState === \"loading\") {document.addEventListener('readystatechange',function() { if((document.readyState === \"interactive\" || document.readyState === \"complete\") && !once_revslider151 ) { once_revslider151 = true; revinit_revslider151();}});} else {once_revslider151 = true; revinit_revslider151();}\n\t\t\t\t<\/script>\n\t\t\t<\/rs-module-wrap>\n\t\t\t<!-- END REVOLUTION SLIDER -->\n[\/vc_column][\/vc_row][vc_row][vc_column width=&#8221;1\/6&#8243;][\/vc_column][vc_column width=&#8221;2\/3&#8243;][vc_headings style=&#8221;theme2&#8243; linewidth=&#8221;70&#8243; borderwidth=&#8221;3&#8243; borderclr=&#8221;#f9cc57&#8243; title=&#8221;L\u00fctfen teste ba\u015flamadan \u00f6nce a\u015fa\u011f\u0131daki notlar\u0131 okuyunuz:&#8221; use_theme_fonts=&#8221;yes&#8221; titlesize=&#8221;28&#8243; titleclr=&#8221;#03b3fe&#8221; font_weight=&#8221;700&#8243;][\/vc_headings][info_list_father css=&#8221;.vc_custom_1612353593580{margin-top: 30px !important;margin-bottom: 30px !important;}&#8221;][info_list_son style=&#8221;icon&#8221; height=&#8221;45&#8243; titleclr=&#8221;#000000&#8243; icon=&#8221;stmlms-lms-clocks&#8221; title=&#8221;Yeterince zaman ay\u0131r\u0131n.&#8221;]Almanca seviyenize ba\u011fl\u0131 olarak, s\u0131nav 30 dakika veya daha uzun s\u00fcrebilir.<\/p>\n<p>[\/info_list_son][info_list_son style=&#8221;icon&#8221; height=&#8221;45&#8243; titleclr=&#8221;#000000&#8243; icon=&#8221;stmlms-user&#8221; title=&#8221;Testi kendi ba\u015f\u0131n\u0131za yaln\u0131z olarak yap\u0131n ve herhangi bir yard\u0131mc\u0131 kullanmay\u0131n&#8221;][\/info_list_son][info_list_son style=&#8221;icon&#8221; height=&#8221;45&#8243; titleclr=&#8221;#000000&#8243; icon=&#8221;lng_centerbook&#8221; title=&#8221;Test, Ortak Avrupa Referans \u00c7er\u00e7evesine g\u00f6re A1&#8217;den C1&#8217;e kadar olan kurs seviyelerini kapsar.&#8221;]Her biri 20 soru i\u00e7eren 5 b\u00f6l\u00fcmden olu\u015fur. (Toplam soru say\u0131s\u0131: 100)<\/p>\n<p>[\/info_list_son][info_list_son style=&#8221;icon&#8221; height=&#8221;45&#8243; titleclr=&#8221;#000000&#8243; icon=&#8221;fa-icon-stm_icon_teacher&#8221; title=&#8221;Yerle\u015ftirme testimiz ilk oryantasyon g\u00f6revi g\u00f6r\u00fcr.&#8221;]Bir Almanca kursuna kaydolmadan \u00f6nce, uygun kurs seviyesini birlikte belirleyebiliriz.<\/p>\n<p>[\/info_list_son][\/info_list_father][text_type_vc align=&#8221;center&#8221; wdo_title_text_typography=&#8221;&#8221; caption_url=&#8221;&#8221;]<\/p>\n<div class=\"J0lOec\"><span class=\"VIiyi\" lang=\"tr\"><span class=\"JLqJ4b ChMk0b\" data-language-for-alternatives=\"tr\" data-language-to-translate-into=\"de\" data-phrase-index=\"0\">\u0130yi \u015fanslar ve ba\u015far\u0131lar!<\/span><\/span><\/div>\n<p>[\/text_type_vc][vc_btn title=&#8221;Teste ba\u015fla&#8221; style=&#8221;custom&#8221; custom_background=&#8221;#03b3fe&#8221; custom_text=&#8221;#ffffff&#8221; size=&#8221;lg&#8221; align=&#8221;center&#8221; link=&#8221;url:http%3A%2F%2Ftest.goforgerman.de%2F&#8221; css=&#8221;.vc_custom_1629818900718{border-radius: 10px !important;}&#8221;][\/vc_column][vc_column width=&#8221;1\/6&#8243;][\/vc_column][\/vc_row]<\/p>\n","protected":false},"excerpt":{"rendered":"<p>[vc_row][vc_column][\/vc_column][\/vc_row][vc_row][vc_column width=&#8221;1\/6&#8243;][\/vc_column][vc_column width=&#8221;2\/3&#8243;][vc_headings style=&#8221;theme2&#8243; linewidth=&#8221;70&#8243; borderwidth=&#8221;3&#8243; borderclr=&#8221;#f9cc57&#8243; title=&#8221;L\u00fctfen teste ba\u015flamadan \u00f6nce a\u015fa\u011f\u0131daki notlar\u0131 okuyunuz:&#8221; use_theme_fonts=&#8221;yes&#8221; titlesize=&#8221;28&#8243; titleclr=&#8221;#03b3fe&#8221; font_weight=&#8221;700&#8243;][\/vc_headings][info_list_father css=&#8221;.vc_custom_1612353593580{margin-top: 30px !important;margin-bottom: 30px !important;}&#8221;][info_list_son style=&#8221;icon&#8221; height=&#8221;45&#8243; titleclr=&#8221;#000000&#8243; icon=&#8221;stmlms-lms-clocks&#8221; title=&#8221;Yeterince zaman ay\u0131r\u0131n.&#8221;]Almanca seviyenize ba\u011fl\u0131 olarak, s\u0131nav 30 dakika veya daha uzun s\u00fcrebilir. [\/info_list_son][info_list_son style=&#8221;icon&#8221; height=&#8221;45&#8243; titleclr=&#8221;#000000&#8243; icon=&#8221;stmlms-user&#8221; title=&#8221;Testi kendi ba\u015f\u0131n\u0131za yaln\u0131z olarak yap\u0131n ve herhangi bir yard\u0131mc\u0131 [&hellip;]<\/p>\n","protected":false},"author":2,"featured_media":0,"parent":0,"menu_order":0,"comment_status":"closed","ping_status":"closed","template":"","meta":[],"_links":{"self":[{"href":"https:\/\/goforgerman.de\/tr\/wp-json\/wp\/v2\/pages\/2612"}],"collection":[{"href":"https:\/\/goforgerman.de\/tr\/wp-json\/wp\/v2\/pages"}],"about":[{"href":"https:\/\/goforgerman.de\/tr\/wp-json\/wp\/v2\/types\/page"}],"author":[{"embeddable":true,"href":"https:\/\/goforgerman.de\/tr\/wp-json\/wp\/v2\/users\/2"}],"replies":[{"embeddable":true,"href":"https:\/\/goforgerman.de\/tr\/wp-json\/wp\/v2\/comments?post=2612"}],"version-history":[{"count":0,"href":"https:\/\/goforgerman.de\/tr\/wp-json\/wp\/v2\/pages\/2612\/revisions"}],"wp:attachment":[{"href":"https:\/\/goforgerman.de\/tr\/wp-json\/wp\/v2\/media?parent=2612"}],"curies":[{"name":"wp","href":"https:\/\/api.w.org\/{rel}","templated":true}]}}