{"id":2607,"date":"2020-11-04T12:20:09","date_gmt":"2020-11-04T11:20:09","guid":{"rendered":"https:\/\/goforgerman.de\/fur-unternehmen\/"},"modified":"2021-09-03T14:18:37","modified_gmt":"2021-09-03T12:18:37","slug":"fur-unternehmen","status":"publish","type":"page","link":"https:\/\/goforgerman.de\/tr\/fur-unternehmen\/","title":{"rendered":"\u015eirket ve kurumlar i\u00e7in almanca dil kursu"},"content":{"rendered":"<p>[vc_row css=&#8221;.vc_custom_1612448171307{margin-top: 0px !important;padding-top: 0px !important;}&#8221;][vc_column]\n\t\t\t<!-- START Unternehmen tr REVOLUTION SLIDER 6.4.11 --><p class=\"rs-p-wp-fix\"><\/p>\n\t\t\t<rs-module-wrap id=\"rev_slider_22_1_wrapper\" data-source=\"gallery\" style=\"background:transparent;padding:0;margin:0px auto;margin-top:0;margin-bottom:0;max-width:;\">\n\t\t\t\t<rs-module id=\"rev_slider_22_1\" style=\"\" data-version=\"6.4.11\">\n\t\t\t\t\t<rs-slides>\n\t\t\t\t\t\t<rs-slide data-key=\"rs-39\" data-title=\"Slide\" data-anim=\"ms:600;\" data-in=\"o:0;\" data-out=\"a:false;\">\n\t\t\t\t\t\t\t<img src=\"\/\/goforgerman.de\/wp-content\/uploads\/2021\/02\/unternehmen.jpg\" title=\"unternehmen\" width=\"1200\" height=\"450\" class=\"rev-slidebg tp-rs-img\" data-bg=\"f:contain;\" data-no-retina>\n<!--\n\t\t\t\t\t\t\t--><h2\n\t\t\t\t\t\t\t\tid=\"slider-22-slide-39-layer-0\" \n\t\t\t\t\t\t\t\tclass=\"rs-layer\"\n\t\t\t\t\t\t\t\tdata-type=\"text\"\n\t\t\t\t\t\t\t\tdata-tsh=\"h:2px;v:2px;b:2px;\"\n\t\t\t\t\t\t\t\tdata-xy=\"x:c;xo:-274px,-274px,0,0;y:m;yo:56px,56px,24px,50px;\"\n\t\t\t\t\t\t\t\tdata-text=\"w:normal;s:24,24,18,14;l:32,32,24,17;a:inherit,inherit,center,center;\"\n\t\t\t\t\t\t\t\tdata-dim=\"w:524px,524px,524px,325px;h:78px;\"\n\t\t\t\t\t\t\t\tdata-basealign=\"slide\"\n\t\t\t\t\t\t\t\tdata-rsp_o=\"off\"\n\t\t\t\t\t\t\t\tdata-rsp_bd=\"off\"\n\t\t\t\t\t\t\t\tdata-frame_0=\"o:1;\"\n\t\t\t\t\t\t\t\tdata-frame_0_sfx=\"se:blocktoright;\"\n\t\t\t\t\t\t\t\tdata-frame_1=\"e:power4.inOut;sp:2000;sR:10;\"\n\t\t\t\t\t\t\t\tdata-frame_1_sfx=\"se:blocktoright;\"\n\t\t\t\t\t\t\t\tdata-frame_999=\"o:0;st:w;sR:6990;\"\n\t\t\t\t\t\t\t\tstyle=\"z-index:9;font-family:Montserrat;\"\n\t\t\t\t\t\t\t>Grup ve bireysel kurslar i\u00e7in profesyonel \u00e7\u00f6z\u00fcmler. \n\t\t\t\t\t\t\t<\/h2><!--\n\n\t\t\t\t\t\t\t--><h2\n\t\t\t\t\t\t\t\tid=\"slider-22-slide-39-layer-1\" \n\t\t\t\t\t\t\t\tclass=\"rs-layer\"\n\t\t\t\t\t\t\t\tdata-type=\"text\"\n\t\t\t\t\t\t\t\tdata-tsh=\"h:2px;v:2px;b:2px;\"\n\t\t\t\t\t\t\t\tdata-xy=\"x:c;xo:-236px,-236px,0,0;y:m;yo:-41px,-41px,-24px,-24px;\"\n\t\t\t\t\t\t\t\tdata-text=\"w:normal;s:32,32,21,16;l:38,38,38,20;fw:500;a:inherit,inherit,center,center;\"\n\t\t\t\t\t\t\t\tdata-dim=\"w:602px,602px,666px,394px;h:74px,74px,76px,auto;\"\n\t\t\t\t\t\t\t\tdata-basealign=\"slide\"\n\t\t\t\t\t\t\t\tdata-rsp_o=\"off\"\n\t\t\t\t\t\t\t\tdata-rsp_bd=\"off\"\n\t\t\t\t\t\t\t\tdata-frame_0=\"o:1;\"\n\t\t\t\t\t\t\t\tdata-frame_0_sfx=\"se:blocktoright;\"\n\t\t\t\t\t\t\t\tdata-frame_1=\"e:power4.inOut;sp:2000;sR:10;\"\n\t\t\t\t\t\t\t\tdata-frame_1_sfx=\"se:blocktoright;\"\n\t\t\t\t\t\t\t\tdata-frame_999=\"o:0;st:w;sR:6990;\"\n\t\t\t\t\t\t\t\tstyle=\"z-index:8;font-family:Montserrat;\"\n\t\t\t\t\t\t\t>\u015eirketler, okullar ve kurumlar i\u00e7in \u00f6zel Almanca kurslar\u0131. \n\t\t\t\t\t\t\t<\/h2><!--\n-->\t\t\t\t\t\t<\/rs-slide>\n\t\t\t\t\t<\/rs-slides>\n\t\t\t\t<\/rs-module>\n\t\t\t\t<script type=\"text\/javascript\">\n\t\t\t\t\tsetREVStartSize({c: 'rev_slider_22_1',rl:[1240,1240,778,480],el:[450,450,300,200],gw:[1200,1200,778,480],gh:[450,450,300,200],type:'hero',justify:'',layout:'fullwidth',mh:\"0\"});\n\t\t\t\t\tvar\trevapi22,\n\t\t\t\t\t\ttpj;\n\t\t\t\t\tfunction revinit_revslider221() {\n\t\t\t\t\tjQuery(function() {\n\t\t\t\t\t\ttpj = jQuery;\n\t\t\t\t\t\trevapi22 = tpj(\"#rev_slider_22_1\");\n\t\t\t\t\t\tif(revapi22==undefined || revapi22.revolution == undefined){\n\t\t\t\t\t\t\trevslider_showDoubleJqueryError(\"rev_slider_22_1\");\n\t\t\t\t\t\t}else{\n\t\t\t\t\t\t\trevapi22.revolution({\n\t\t\t\t\t\t\t\tsliderType:\"hero\",\n\t\t\t\t\t\t\t\tDPR:\"dpr\",\n\t\t\t\t\t\t\t\tvisibilityLevels:\"1240,1240,778,480\",\n\t\t\t\t\t\t\t\tgridwidth:\"1200,1200,778,480\",\n\t\t\t\t\t\t\t\tgridheight:\"450,450,300,200\",\n\t\t\t\t\t\t\t\tspinner:\"spinner0\",\n\t\t\t\t\t\t\t\tperspective:600,\n\t\t\t\t\t\t\t\tperspectiveType:\"local\",\n\t\t\t\t\t\t\t\teditorheight:\"450,650,300,200\",\n\t\t\t\t\t\t\t\tresponsiveLevels:\"1240,1240,778,480\",\n\t\t\t\t\t\t\t\tprogressBar:{disableProgressBar:true},\n\t\t\t\t\t\t\t\tnavigation: {\n\t\t\t\t\t\t\t\t\tonHoverStop:false\n\t\t\t\t\t\t\t\t},\n\t\t\t\t\t\t\t\tfallbacks: {\n\t\t\t\t\t\t\t\t\tallowHTML5AutoPlayOnAndroid:true\n\t\t\t\t\t\t\t\t},\n\t\t\t\t\t\t\t});\n\t\t\t\t\t\t}\n\t\t\t\t\t\t\n\t\t\t\t\t});\n\t\t\t\t\t} \/\/ End of RevInitScript\n\t\t\t\tvar once_revslider221 = false;\n\t\t\t\tif (document.readyState === \"loading\") {document.addEventListener('readystatechange',function() { if((document.readyState === \"interactive\" || document.readyState === \"complete\") && !once_revslider221 ) { once_revslider221 = true; revinit_revslider221();}});} else {once_revslider221 = true; revinit_revslider221();}\n\t\t\t\t<\/script>\n\t\t\t<\/rs-module-wrap>\n\t\t\t<!-- END REVOLUTION SLIDER -->\n[\/vc_column][\/vc_row][vc_row][vc_column][vc_column_text]<strong>GO<\/strong>FOR<strong>GERMAN<\/strong> kurumsal hizmetlerinden nas\u0131l yararlanabilirsin?<\/p>\n<p><strong>GO<\/strong>FOR<strong>GERMAN<\/strong> \u00e7al\u0131\u015fanlar\u0131n\u0131z\u0131n veya \u00f6\u011frencilerinizin almanca dil seviyelerini art\u0131rmak i\u00e7in size bireysel, profesyonel \u00e7\u00f6z\u00fcmler sunar. B\u00f6ylece \u015firketinizin veya okullar\u0131n\u0131z\u0131n uluslararas\u0131 d\u00fczeyde daha ba\u015far\u0131l\u0131 olmas\u0131n\u0131 sa\u011flam\u0131\u015f olursunuz.<\/p>\n<p class=\"p1\">Farkl\u0131 sekt\u00f6rlerden t\u00fcm firmalara, kamu kurulu\u015flar\u0131na ve okullara Almanca e\u011fitimlerini kendi yerlerinde ve istedikleri zaman dilimlerinde online olarak veriyoruz. Kurum ya da firman\u0131z\u0131n kendi b\u00fcnyesinde organize edece\u011fi e\u011fitim ortamlar\u0131nda, alan\u0131nda profesyonel e\u011fitmenler ile dilerseniz grup dersleri de alabilirsiniz.<\/p>\n<p>[\/vc_column_text]<div class=\"evc-icon-list evc-shortcode \">\n\t<div class=\"evc-il-item  \" >\n\t<div class=\"evc-ili-inner\">\n\t\t\t<span class=\"evc-ili-icon-wrapper\" style=\"font-size: 16px;color: #000000\">\n\t\t<span class=\"evc-ili-icon fa fa-check\"><\/span>\n\t<\/span>\n\t\t\t<span class=\"evc-ili-text\" style=\"color: #000000\">K\u00fc\u00e7\u00fck gruplar halinde veya bireysel derslerde \u015firket kurslar\u0131<\/span>\n\t\t\t<\/div>\n<\/div>\n<div class=\"evc-il-item  \" >\n\t<div class=\"evc-ili-inner\">\n\t\t\t<span class=\"evc-ili-icon-wrapper\" style=\"font-size: 16px;color: #000000\">\n\t\t<span class=\"evc-ili-icon fa fa-check\"><\/span>\n\t<\/span>\n\t\t\t<span class=\"evc-ili-text\" >Gereksinimlerinize uyarlanm\u0131\u015f kurs planlar\u0131 ve ders i\u00e7eri\u011fi<\/span>\n\t\t\t<\/div>\n<\/div>\n<div class=\"evc-il-item  \" >\n\t<div class=\"evc-ili-inner\">\n\t\t\t<span class=\"evc-ili-icon-wrapper\" style=\"font-size: 16px;color: #000000\">\n\t\t<span class=\"evc-ili-icon fa fa-check\"><\/span>\n\t<\/span>\n\t\t\t<span class=\"evc-ili-text\" >Uzmanl\u0131k kurslar\u0131 - \u00f6rne\u011fin ticaret Almancas\u0131, hem\u015firelik Almancas\u0131, turizm<\/span>\n\t\t\t<\/div>\n<\/div>\n<div class=\"evc-il-item  \" >\n\t<div class=\"evc-ili-inner\">\n\t\t\t<span class=\"evc-ili-icon-wrapper\" style=\"font-size: 18px;color: #000000\">\n\t\t<span class=\"evc-ili-icon fa fa-check\"><\/span>\n\t<\/span>\n\t\t\t<span class=\"evc-ili-text\" >Almanya&#039;da bulunan \u015firketlerin uluslararas\u0131 \u00e7al\u0131\u015fanlar\u0131 i\u00e7in \u00f6zel kurslar<\/span>\n\t\t\t<\/div>\n<\/div>\n<div class=\"evc-il-item  \" >\n\t<div class=\"evc-ili-inner\">\n\t\t\t<span class=\"evc-ili-icon-wrapper\" style=\"font-size: 18px;color: #000000\">\n\t\t<span class=\"evc-ili-icon fa fa-check\"><\/span>\n\t<\/span>\n\t\t\t<span class=\"evc-ili-text\" >Sizin \u015firketinize \u00f6zel dan\u0131\u015fman<\/span>\n\t\t\t<\/div>\n<\/div>\n<div class=\"evc-il-item  \" >\n\t<div class=\"evc-ili-inner\">\n\t\t\t<span class=\"evc-ili-icon-wrapper\" style=\"font-size: 18px;color: #000000\">\n\t\t<span class=\"evc-ili-icon fa fa-check\"><\/span>\n\t<\/span>\n\t\t\t<span class=\"evc-ili-text\" >\u00dccretsiz deneme dersi<\/span>\n\t\t\t<\/div>\n<\/div>\n<\/div>\n[vc_empty_space height=&#8221;30px&#8221;][mvc_advanced_button align=&#8221;center&#8221; btn_text=&#8221;Kurumsal dan\u0131\u015fmanl\u0131k&#8221; padding_top=&#8221;15&#8243; padding_left=&#8221;20&#8243; btn_size=&#8221;16&#8243; icon_size=&#8221;16&#8243; use_theme_fonts=&#8221;yes&#8221; btn_icon=&#8221;fa-icon-stm_icon_mail-o&#8221; btn_clr=&#8221;#ffffff&#8221; btn_bg=&#8221;#03b3fe&#8221; btn_hvrclr=&#8221;#ffffff&#8221; btn_hvrbg=&#8221;#0287ed&#8221; btn_radius=&#8221;10&#8243; btn_url=&#8221;url:https%3A%2F%2Fgoforgerman.de%2Ftr%2Fkontakt-aufnehmen%2F|title:Kontakt&#8221;][\/vc_column][\/vc_row][vc_row][vc_column][\/vc_column][\/vc_row][vc_row full_width=&#8221;stretch_row&#8221; css=&#8221;.vc_custom_1603795113819{padding-top: 50px !important;padding-bottom: 50px !important;background-color: #e0f5ff !important;}&#8221;][vc_column][vc_custom_heading text=&#8221;Size yard\u0131mc\u0131 olmaktan mutluluk duyar\u0131z&#8221; font_container=&#8221;tag:h2|text_align:center|color:%23162d74&#8243; use_theme_fonts=&#8221;yes&#8221; css=&#8221;.vc_custom_1629811358586{margin-bottom: -13px !important;}&#8221;][stm_color_separator css=&#8221;.vc_custom_1603279774541{margin-bottom: 0px !important;padding-bottom: 40px !important;}&#8221;][vc_column_text css=&#8221;.vc_custom_1629811447625{padding-top: 40px !important;}&#8221;]<\/p>\n<p style=\"text-align: center;\">M\u00fc\u015fteri hizmetlerimiz, sizin sorular\u0131n\u0131z\u0131 veya iste\u011finizi yan\u0131tlamaktan mutluluk duyar.<\/p>\n<p>[\/vc_column_text][vc_row_inner][vc_column_inner width=&#8221;1\/3&#8243;][\/vc_column_inner][vc_column_inner width=&#8221;1\/3&#8243;][vc_btn title=&#8221;\u0130leti\u015fime ge\u00e7&#8221; style=&#8221;theme-button&#8221; color=&#8221;sky&#8221; align=&#8221;center&#8221; i_icon_fontawesome=&#8221;fa-icon-stm_icon_phone-o&#8221; add_icon=&#8221;true&#8221; link=&#8221;url:http%3A%2F%2Fgoforgerman.de%2Ftr%2Fkontakt%2F|title:%C4%B0leti%C5%9Fime%20ge%C3%A7&#8243;][\/vc_column_inner][vc_column_inner width=&#8221;1\/3&#8243;][\/vc_column_inner][\/vc_row_inner][\/vc_column][\/vc_row]<\/p>\n","protected":false},"excerpt":{"rendered":"<p>[vc_row css=&#8221;.vc_custom_1612448171307{margin-top: 0px !important;padding-top: 0px !important;}&#8221;][vc_column][\/vc_column][\/vc_row][vc_row][vc_column][vc_column_text]GOFORGERMAN kurumsal hizmetlerinden nas\u0131l yararlanabilirsin? GOFORGERMAN \u00e7al\u0131\u015fanlar\u0131n\u0131z\u0131n veya \u00f6\u011frencilerinizin almanca dil seviyelerini art\u0131rmak i\u00e7in size bireysel, profesyonel \u00e7\u00f6z\u00fcmler sunar. B\u00f6ylece \u015firketinizin veya okullar\u0131n\u0131z\u0131n uluslararas\u0131 d\u00fczeyde daha ba\u015far\u0131l\u0131 olmas\u0131n\u0131 sa\u011flam\u0131\u015f olursunuz. Farkl\u0131 sekt\u00f6rlerden t\u00fcm firmalara, kamu kurulu\u015flar\u0131na ve okullara Almanca e\u011fitimlerini kendi yerlerinde ve istedikleri zaman dilimlerinde online olarak veriyoruz. Kurum [&hellip;]<\/p>\n","protected":false},"author":2,"featured_media":0,"parent":0,"menu_order":0,"comment_status":"closed","ping_status":"closed","template":"","meta":[],"_links":{"self":[{"href":"https:\/\/goforgerman.de\/tr\/wp-json\/wp\/v2\/pages\/2607"}],"collection":[{"href":"https:\/\/goforgerman.de\/tr\/wp-json\/wp\/v2\/pages"}],"about":[{"href":"https:\/\/goforgerman.de\/tr\/wp-json\/wp\/v2\/types\/page"}],"author":[{"embeddable":true,"href":"https:\/\/goforgerman.de\/tr\/wp-json\/wp\/v2\/users\/2"}],"replies":[{"embeddable":true,"href":"https:\/\/goforgerman.de\/tr\/wp-json\/wp\/v2\/comments?post=2607"}],"version-history":[{"count":0,"href":"https:\/\/goforgerman.de\/tr\/wp-json\/wp\/v2\/pages\/2607\/revisions"}],"wp:attachment":[{"href":"https:\/\/goforgerman.de\/tr\/wp-json\/wp\/v2\/media?parent=2607"}],"curies":[{"name":"wp","href":"https:\/\/api.w.org\/{rel}","templated":true}]}}