{"id":2599,"date":"2018-07-26T07:17:24","date_gmt":"2018-07-26T07:17:24","guid":{"rendered":"https:\/\/goforgerman.de\/ueber-uns\/"},"modified":"2021-09-23T12:13:59","modified_gmt":"2021-09-23T10:13:59","slug":"ueber-uns","status":"publish","type":"page","link":"https:\/\/goforgerman.de\/tr\/ueber-uns\/","title":{"rendered":"Hakk\u0131m\u0131zda"},"content":{"rendered":"<p>[vc_row][vc_column]\n\t\t\t<!-- START \u00dcber Uns REVOLUTION SLIDER 6.4.11 --><p class=\"rs-p-wp-fix\"><\/p>\n\t\t\t<rs-module-wrap id=\"rev_slider_14_1_wrapper\" data-source=\"gallery\" style=\"background:transparent;padding:0;margin:0px auto;margin-top:0;margin-bottom:0;max-width:;\">\n\t\t\t\t<rs-module id=\"rev_slider_14_1\" style=\"\" data-version=\"6.4.11\">\n\t\t\t\t\t<rs-slides>\n\t\t\t\t\t\t<rs-slide data-key=\"rs-23\" data-title=\"Slide\" data-anim=\"ms:600;r:0;\" data-in=\"o:0;\" data-out=\"a:false;\">\n\t\t\t\t\t\t\t<img src=\"\/\/goforgerman.de\/wp-content\/uploads\/2021\/02\/u\u0308ber-uns-Kopie.jpg\" title=\"u\u0308ber uns Kopie\" width=\"1200\" height=\"450\" class=\"rev-slidebg tp-rs-img\" data-bg=\"f:contain;\" data-no-retina>\n<!---->\t\t\t\t\t\t<\/rs-slide>\n\t\t\t\t\t<\/rs-slides>\n\t\t\t\t<\/rs-module>\n\t\t\t\t<script type=\"text\/javascript\">\n\t\t\t\t\tsetREVStartSize({c: 'rev_slider_14_1',rl:[1240,1240,778,480],el:[450,450,300,200],gw:[1200,1200,778,480],gh:[450,450,300,200],type:'hero',justify:'',layout:'fullwidth',mh:\"0\"});\n\t\t\t\t\tvar\trevapi14,\n\t\t\t\t\t\ttpj;\n\t\t\t\t\tfunction revinit_revslider141() {\n\t\t\t\t\tjQuery(function() {\n\t\t\t\t\t\ttpj = jQuery;\n\t\t\t\t\t\trevapi14 = tpj(\"#rev_slider_14_1\");\n\t\t\t\t\t\tif(revapi14==undefined || revapi14.revolution == undefined){\n\t\t\t\t\t\t\trevslider_showDoubleJqueryError(\"rev_slider_14_1\");\n\t\t\t\t\t\t}else{\n\t\t\t\t\t\t\trevapi14.revolution({\n\t\t\t\t\t\t\t\tsliderType:\"hero\",\n\t\t\t\t\t\t\t\tvisibilityLevels:\"1240,1240,778,480\",\n\t\t\t\t\t\t\t\tgridwidth:\"1200,1200,778,480\",\n\t\t\t\t\t\t\t\tgridheight:\"450,450,300,200\",\n\t\t\t\t\t\t\t\tspinner:\"spinner0\",\n\t\t\t\t\t\t\t\tperspective:600,\n\t\t\t\t\t\t\t\tperspectiveType:\"local\",\n\t\t\t\t\t\t\t\teditorheight:\"450,650,300,200\",\n\t\t\t\t\t\t\t\tresponsiveLevels:\"1240,1240,778,480\",\n\t\t\t\t\t\t\t\tprogressBar:{disableProgressBar:true},\n\t\t\t\t\t\t\t\tnavigation: {\n\t\t\t\t\t\t\t\t\tonHoverStop:false\n\t\t\t\t\t\t\t\t},\n\t\t\t\t\t\t\t\tfallbacks: {\n\t\t\t\t\t\t\t\t\tallowHTML5AutoPlayOnAndroid:true\n\t\t\t\t\t\t\t\t},\n\t\t\t\t\t\t\t});\n\t\t\t\t\t\t}\n\t\t\t\t\t\t\n\t\t\t\t\t});\n\t\t\t\t\t} \/\/ End of RevInitScript\n\t\t\t\tvar once_revslider141 = false;\n\t\t\t\tif (document.readyState === \"loading\") {document.addEventListener('readystatechange',function() { if((document.readyState === \"interactive\" || document.readyState === \"complete\") && !once_revslider141 ) { once_revslider141 = true; revinit_revslider141();}});} else {once_revslider141 = true; revinit_revslider141();}\n\t\t\t\t<\/script>\n\t\t\t<\/rs-module-wrap>\n\t\t\t<!-- END REVOLUTION SLIDER -->\n[\/vc_column][\/vc_row][vc_row][vc_column][vc_headings style=&#8221;theme2&#8243; linewidth=&#8221;70&#8243; borderwidth=&#8221;0&#8243; borderclr=&#8221;#f9cc57&#8243; title=&#8221;\u00c7evrimi\u00e7i dil \u00f6\u011frenmek, \u00e7evrimi\u00e7i Almanca \u00f6\u011frenmek &#8230; Bu m\u00fcmk\u00fcn m\u00fc?&#8221; align=&#8221;left&#8221; use_theme_fonts=&#8221;yes&#8221; lineheight=&#8221;0&#8243; titlesize=&#8221;32&#8243; titleclr=&#8221;#333333&#8243; font_weight=&#8221;700&#8243;][\/vc_headings][vc_headings style=&#8221;theme2&#8243; linewidth=&#8221;70&#8243; borderwidth=&#8221;0&#8243; borderclr=&#8221;#f9cc57&#8243; title=&#8221;Kesinlikle!!!&#8221; align=&#8221;left&#8221; use_theme_fonts=&#8221;yes&#8221; lineheight=&#8221;0&#8243; titlesize=&#8221;24&#8243; titleclr=&#8221;#f9cc57&#8243; font_weight=&#8221;700&#8243;][\/vc_headings][vc_headings style=&#8221;theme2&#8243; linewidth=&#8221;70&#8243; borderwidth=&#8221;3&#8243; borderclr=&#8221;#f9cc57&#8243; title=&#8221;GOFORGERMAN, ihtiyac\u0131n\u0131z olan her \u015feyi size sunar.&#8221; align=&#8221;left&#8221; use_theme_fonts=&#8221;yes&#8221; lineheight=&#8221;0&#8243; titlesize=&#8221;24&#8243; titleclr=&#8221;#333333&#8243; font_weight=&#8221;700&#8243;][\/vc_headings][vc_column_text]<\/p>\n<div class=\"wpb_text_column wpb_content_element \">\n<div class=\"wpb_wrapper\">\n<div class=\"wpb_text_column wpb_content_element \">\n<div class=\"wpb_wrapper\">\n<p>Ekibimiz deneyimli kurs koordinat\u00f6rleri ve yarat\u0131c\u0131 \u00f6\u011fretim g\u00f6revlileri, yetkin \u00e7al\u0131\u015fma dan\u0131\u015fmanlar\u0131 ve iyi e\u011fitimli e\u011fitmenlerden olu\u015fmaktad\u0131r.<\/p>\n<p>Dil \u00f6\u011fretiminde uzun y\u0131llara dayanan tecr\u00fcbemize dayanarak, dili b\u00fct\u00fcnsel olarak \u00f6\u011frenmenize ve kurs s\u0131ras\u0131nda pratikte uygulaman\u0131za yard\u0131mc\u0131 olacak yeni bir b\u00fct\u00fcnle\u015ftirici \u00f6\u011frenme konsepti geli\u015ftirdik.<\/p>\n<p>\u0130leti\u015fimsel olan <strong>GOFORGERMAN<\/strong>Y\u00f6ntem kombine <strong>Canl\u0131 \u00f6\u011fretim<\/strong>, serbest meslek <strong>\u0130nteraktif \u00f6\u011frenmek<\/strong> \u00f6\u011fretmenin deste\u011fiyle ve <strong>\u0130leti\u015fim e\u011fitimi<\/strong> <strong>15 dakika Almanya<\/strong>, \u00f6\u011frendiklerinizi konu\u015fmada uygulad\u0131\u011f\u0131n\u0131z ve s\u00f6zl\u00fc ifadenizi ve kelime bilginizi geli\u015ftirip geli\u015ftirdi\u011finiz.<\/p>\n<p>\u0130le <strong>GOFORGERMAN<\/strong>Y\u00f6ntem, sadece dili \u00f6\u011frenmemeli, ayn\u0131 zamanda konu\u015fmal\u0131s\u0131n. <strong>GOFORGERMAN<\/strong> nerede olursan\u0131z olun sizi e\u011fitiminize, i\u015finize veya bir sonraki Almanca toplant\u0131n\u0131za haz\u0131rlar.<\/div>\n<\/div>\n<\/div>\n<\/div>\n<p>[\/vc_column_text][\/vc_column][\/vc_row][vc_row full_width=&#8221;stretch_row&#8221; css=&#8221;.vc_custom_1604483995041{margin-bottom: -50px !important;padding-top: 50px !important;padding-bottom: 50px !important;background-color: #e0f5ff !important;}&#8221;][vc_column][vc_custom_heading text=&#8221;Size yard\u0131mc\u0131 olmaktan mutluluk duyar\u0131z&#8221; font_container=&#8221;tag:h2|text_align:center|color:%23333333&#8243; use_theme_fonts=&#8221;yes&#8221; css=&#8221;.vc_custom_1629990130242{margin-bottom: -13px !important;}&#8221; el_id=&#8221;learn-1&#8243;][stm_color_separator css=&#8221;.vc_custom_1603279774541{margin-bottom: 0px !important;padding-bottom: 40px !important;}&#8221;][vc_column_text css=&#8221;.vc_custom_1629990144491{padding-top: 40px !important;}&#8221;]<\/p>\n<div class=\"wpb_text_column wpb_content_element \">\n<div class=\"wpb_wrapper\">\n<p style=\"text-align: center;\">M\u00fc\u015fteri hizmetlerimiz, sizin sorular\u0131n\u0131z\u0131 veya iste\u011finizi yan\u0131tlamaktan mutluluk duyar.<\/p>\n<\/div>\n<\/div>\n<p>[\/vc_column_text][vc_row_inner][vc_column_inner width=&#8221;1\/3&#8243;][\/vc_column_inner][vc_column_inner width=&#8221;1\/3&#8243;][vc_btn title=&#8221;\u0130leti\u015fime ge\u00e7&#8221; style=&#8221;theme-button&#8221; color=&#8221;sky&#8221; align=&#8221;center&#8221; i_icon_fontawesome=&#8221;fa-icon-stm_icon_phone-o&#8221; add_icon=&#8221;true&#8221; link=&#8221;url:http%3A%2F%2Fgoforgerman.de%2Ftr%2Fkontakt-aufnehmen%2F|title:%C4%B0leti%C5%9Fime%20ge%C3%A7&#8243;][\/vc_column_inner][vc_column_inner width=&#8221;1\/3&#8243;][\/vc_column_inner][\/vc_row_inner][\/vc_column][\/vc_row]<\/p>\n","protected":false},"excerpt":{"rendered":"<p>[vc_row][vc_column][\/vc_column][\/vc_row][vc_row][vc_column][vc_headings style=&#8221;theme2&#8243; linewidth=&#8221;70&#8243; borderwidth=&#8221;0&#8243; borderclr=&#8221;#f9cc57&#8243; title=&#8221;\u00c7evrimi\u00e7i dil \u00f6\u011frenmek, \u00e7evrimi\u00e7i Almanca \u00f6\u011frenmek &#8230; Bu m\u00fcmk\u00fcn m\u00fc?&#8221; align=&#8221;left&#8221; use_theme_fonts=&#8221;yes&#8221; lineheight=&#8221;0&#8243; titlesize=&#8221;32&#8243; titleclr=&#8221;#333333&#8243; font_weight=&#8221;700&#8243;][\/vc_headings][vc_headings style=&#8221;theme2&#8243; linewidth=&#8221;70&#8243; borderwidth=&#8221;0&#8243; borderclr=&#8221;#f9cc57&#8243; title=&#8221;Kesinlikle!!!&#8221; align=&#8221;left&#8221; use_theme_fonts=&#8221;yes&#8221; lineheight=&#8221;0&#8243; titlesize=&#8221;24&#8243; titleclr=&#8221;#f9cc57&#8243; font_weight=&#8221;700&#8243;][\/vc_headings][vc_headings style=&#8221;theme2&#8243; linewidth=&#8221;70&#8243; borderwidth=&#8221;3&#8243; borderclr=&#8221;#f9cc57&#8243; title=&#8221;GOFORGERMAN, ihtiyac\u0131n\u0131z olan her \u015feyi size sunar.&#8221; align=&#8221;left&#8221; use_theme_fonts=&#8221;yes&#8221; lineheight=&#8221;0&#8243; titlesize=&#8221;24&#8243; titleclr=&#8221;#333333&#8243; font_weight=&#8221;700&#8243;][\/vc_headings][vc_column_text] Ekibimiz deneyimli kurs koordinat\u00f6rleri ve yarat\u0131c\u0131 [&hellip;]<\/p>\n","protected":false},"author":1,"featured_media":0,"parent":0,"menu_order":0,"comment_status":"closed","ping_status":"closed","template":"","meta":[],"_links":{"self":[{"href":"https:\/\/goforgerman.de\/tr\/wp-json\/wp\/v2\/pages\/2599"}],"collection":[{"href":"https:\/\/goforgerman.de\/tr\/wp-json\/wp\/v2\/pages"}],"about":[{"href":"https:\/\/goforgerman.de\/tr\/wp-json\/wp\/v2\/types\/page"}],"author":[{"embeddable":true,"href":"https:\/\/goforgerman.de\/tr\/wp-json\/wp\/v2\/users\/1"}],"replies":[{"embeddable":true,"href":"https:\/\/goforgerman.de\/tr\/wp-json\/wp\/v2\/comments?post=2599"}],"version-history":[{"count":0,"href":"https:\/\/goforgerman.de\/tr\/wp-json\/wp\/v2\/pages\/2599\/revisions"}],"wp:attachment":[{"href":"https:\/\/goforgerman.de\/tr\/wp-json\/wp\/v2\/media?parent=2599"}],"curies":[{"name":"wp","href":"https:\/\/api.w.org\/{rel}","templated":true}]}}