{"id":2588,"date":"2020-10-30T13:40:47","date_gmt":"2020-10-30T12:40:47","guid":{"rendered":"https:\/\/goforgerman.de\/go-testdaf\/"},"modified":"2021-09-11T00:07:24","modified_gmt":"2021-09-10T22:07:24","slug":"go-testdaf","status":"publish","type":"page","link":"https:\/\/goforgerman.de\/tr\/go-testdaf\/","title":{"rendered":"Go! TestDaF"},"content":{"rendered":"<p>[vc_row full_width=&#8221;stretch_row&#8221; css=&#8221;.vc_custom_1608635563670{margin-top: -50px !important;}&#8221;][vc_column]\n\t\t\t<!-- START TestDaF tr REVOLUTION SLIDER 6.4.11 --><p class=\"rs-p-wp-fix\"><\/p>\n\t\t\t<rs-module-wrap id=\"rev_slider_32_1_wrapper\" data-source=\"gallery\" style=\"background:transparent;padding:0;margin:0px auto;margin-top:0;margin-bottom:0;max-width:;\">\n\t\t\t\t<rs-module id=\"rev_slider_32_1\" style=\"\" data-version=\"6.4.11\">\n\t\t\t\t\t<rs-slides>\n\t\t\t\t\t\t<rs-slide data-key=\"rs-49\" data-title=\"Slide\" data-anim=\"ms:600;\" data-in=\"o:0;\" data-out=\"a:false;\">\n\t\t\t\t\t\t\t<img src=\"\/\/goforgerman.de\/wp-content\/uploads\/2021\/02\/u\u0308ber-uns.jpg\" title=\"u\u0308ber uns\" width=\"1200\" height=\"450\" class=\"rev-slidebg tp-rs-img\" data-bg=\"f:contain;\" data-no-retina>\n<!--\n\t\t\t\t\t\t\t--><h2\n\t\t\t\t\t\t\t\tid=\"slider-32-slide-49-layer-1\" \n\t\t\t\t\t\t\t\tclass=\"rs-layer\"\n\t\t\t\t\t\t\t\tdata-type=\"text\"\n\t\t\t\t\t\t\t\tdata-xy=\"x:c;y:m;\"\n\t\t\t\t\t\t\t\tdata-text=\"s:32,32,24,17;l:75;fw:700;a:inherit;\"\n\t\t\t\t\t\t\t\tdata-basealign=\"slide\"\n\t\t\t\t\t\t\t\tdata-rsp_o=\"off\"\n\t\t\t\t\t\t\t\tdata-rsp_bd=\"off\"\n\t\t\t\t\t\t\t\tdata-frame_0=\"o:1;\"\n\t\t\t\t\t\t\t\tdata-frame_0_sfx=\"se:blocktoright;\"\n\t\t\t\t\t\t\t\tdata-frame_1=\"e:power4.inOut;sp:2000;sR:10;\"\n\t\t\t\t\t\t\t\tdata-frame_1_sfx=\"se:blocktoright;\"\n\t\t\t\t\t\t\t\tdata-frame_999=\"o:0;st:w;sR:6990;\"\n\t\t\t\t\t\t\t\tstyle=\"z-index:9;font-family:Montserrat;\"\n\t\t\t\t\t\t\t>Almanya'da e\u011fitim alman\u0131n yolu! \n\t\t\t\t\t\t\t<\/h2><!--\n-->\t\t\t\t\t\t<\/rs-slide>\n\t\t\t\t\t<\/rs-slides>\n\t\t\t\t<\/rs-module>\n\t\t\t\t<script type=\"text\/javascript\">\n\t\t\t\t\tsetREVStartSize({c: 'rev_slider_32_1',rl:[1240,1240,778,480],el:[450,450,300,200],gw:[1200,1200,778,480],gh:[450,450,300,200],type:'hero',justify:'',layout:'fullwidth',mh:\"0\"});\n\t\t\t\t\tvar\trevapi32,\n\t\t\t\t\t\ttpj;\n\t\t\t\t\tfunction revinit_revslider321() {\n\t\t\t\t\tjQuery(function() {\n\t\t\t\t\t\ttpj = jQuery;\n\t\t\t\t\t\trevapi32 = tpj(\"#rev_slider_32_1\");\n\t\t\t\t\t\tif(revapi32==undefined || revapi32.revolution == undefined){\n\t\t\t\t\t\t\trevslider_showDoubleJqueryError(\"rev_slider_32_1\");\n\t\t\t\t\t\t}else{\n\t\t\t\t\t\t\trevapi32.revolution({\n\t\t\t\t\t\t\t\tsliderType:\"hero\",\n\t\t\t\t\t\t\t\tDPR:\"dpr\",\n\t\t\t\t\t\t\t\tvisibilityLevels:\"1240,1240,778,480\",\n\t\t\t\t\t\t\t\tgridwidth:\"1200,1200,778,480\",\n\t\t\t\t\t\t\t\tgridheight:\"450,450,300,200\",\n\t\t\t\t\t\t\t\tspinner:\"spinner0\",\n\t\t\t\t\t\t\t\tperspective:600,\n\t\t\t\t\t\t\t\tperspectiveType:\"local\",\n\t\t\t\t\t\t\t\teditorheight:\"450,650,300,200\",\n\t\t\t\t\t\t\t\tresponsiveLevels:\"1240,1240,778,480\",\n\t\t\t\t\t\t\t\tprogressBar:{disableProgressBar:true},\n\t\t\t\t\t\t\t\tnavigation: {\n\t\t\t\t\t\t\t\t\tonHoverStop:false\n\t\t\t\t\t\t\t\t},\n\t\t\t\t\t\t\t\tfallbacks: {\n\t\t\t\t\t\t\t\t\tallowHTML5AutoPlayOnAndroid:true\n\t\t\t\t\t\t\t\t},\n\t\t\t\t\t\t\t});\n\t\t\t\t\t\t}\n\t\t\t\t\t\t\n\t\t\t\t\t});\n\t\t\t\t\t} \/\/ End of RevInitScript\n\t\t\t\tvar once_revslider321 = false;\n\t\t\t\tif (document.readyState === \"loading\") {document.addEventListener('readystatechange',function() { if((document.readyState === \"interactive\" || document.readyState === \"complete\") && !once_revslider321 ) { once_revslider321 = true; revinit_revslider321();}});} else {once_revslider321 = true; revinit_revslider321();}\n\t\t\t\t<\/script>\n\t\t\t<\/rs-module-wrap>\n\t\t\t<!-- END REVOLUTION SLIDER -->\n[\/vc_column][\/vc_row][vc_row][vc_column][vc_row_inner][vc_column_inner width=&#8221;1\/2&#8243; el_id=&#8221;learn-1&#8243;][vc_headings style=&#8221;theme2&#8243; linewidth=&#8221;70&#8243; borderwidth=&#8221;3&#8243; borderclr=&#8221;#f9cc57&#8243; title=&#8221;GO! TestDaF Haz\u0131rl\u0131k Kursu&#8221; align=&#8221;left&#8221; titlesize=&#8221;32&#8243; titleclr=&#8221;#333333&#8243; font_weight=&#8221;700&#8243;][\/vc_headings][vc_column_text]<\/p>\n<div class=\"wpb_text_column wpb_content_element \">\n<div class=\"wpb_wrapper\">\n<p>TestDaF haz\u0131rl\u0131k kursumuz, Almanya&#8217;da okumak isteyen uluslararas\u0131 ba\u015fvuru sahiplerine y\u00f6neliktir. TestDaF sertifikas\u0131, t\u00fcm Alman \u00fcniversiteleri taraf\u0131ndan \u00fcniversiteye kabul i\u00e7in tan\u0131nan bir dil sertifikas\u0131d\u0131r. TestDaF s\u0131nav\u0131na 100 \u00fclkede 500&#8217;\u00fcn \u00fczerinde test merkezinde girebilirsiniz.<\/p>\n<p>GOFORGERMAN&#8217;\u0131n TestDaF kursu bunun i\u00e7in ideal bir haz\u0131rl\u0131kt\u0131r:<\/p>\n<ul>\n<li>S\u0131nav b\u00f6l\u00fcmleri i\u00e7in \u00e7\u00f6z\u00fcm stratejileri: okudu\u011funu anlama, dinledi\u011fini anlama, yaz\u0131l\u0131 anlat\u0131m ve s\u00f6zl\u00fc anlat\u0131m.<\/li>\n<li>Ger\u00e7ek s\u0131nav g\u00f6revlerine dayal\u0131 e\u011fitim.<\/li>\n<li>Metin \u00fcretimine ve s\u00f6zl\u00fc ifadeye odaklan\u0131n.<\/li>\n<li>Model testleri ve bireysel son toplant\u0131.<\/li>\n<\/ul>\n<\/div>\n<\/div>\n<p>[\/vc_column_text][\/vc_column_inner][vc_column_inner width=&#8221;1\/2&#8243; el_id=&#8221;accordian-set&#8221;][info_list_father][info_list_son style=&#8221;icon&#8221; titleclr=&#8221;#000000&#8243; icon=&#8221;lnr lnr-calendar-full&#8221; title=&#8221;Kurs s\u00fcresi &#8211; 4 hafta&#8221; iconclr=&#8221;#03b3fe&#8221;]Kurs ka\u011f\u0131t tabanl\u0131 her TestDaF s\u0131nav\u0131ndan 5-6 hafta \u00f6nce ba\u015flar.[\/info_list_son][info_list_son style=&#8221;icon&#8221; titleclr=&#8221;#000000&#8243; icon=&#8221;fa-icon-stm_icon_clock&#8221; title=&#8221;Kapsam &#8211; 100 Ders saati&#8221; iconclr=&#8221;#03b3fe&#8221;]Haftal\u0131k \u00f6\u011fretim s\u00fcresi 25 ders saatidir.<br \/>\nSabit \u00e7al\u0131\u015fma gruplar\u0131nda \u00f6\u011frenirsin.<\/p>\n<p>[\/info_list_son][info_list_son style=&#8221;icon&#8221; titleclr=&#8221;#000000&#8243; icon=&#8221;fa fa-signal&#8221; title=&#8221;Canl\u0131 \u00f6\u011fretim &#8211; 40 ders saati canl\u0131 \u00f6\u011fretim&#8221; iconclr=&#8221;#03b3fe&#8221;]Anadili almanca olan \u00f6\u011fretmenlerle haftada 3 randevu<br \/>\nHafta sonu dersleri (Cumartesi \/ Pazar) + \u00c7ar\u015famba g\u00fcn\u00fc 1 randevu[\/info_list_son][info_list_son style=&#8221;icon&#8221; titleclr=&#8221;#000000&#8243; icon=&#8221;fas fa-chalkboard-teacher&#8221; title=&#8221;\u0130nteraktif \u00f6\u011frenme &#8211; 60 ders saati&#8221; iconclr=&#8221;#03b3fe&#8221;]\u0130nteraktif \u00f6\u011frenme platformumuzda ba\u011f\u0131ms\u0131z olarak \u00f6\u011frenirsin. \u00d6\u011fretmenin, \u00f6\u011frenme s\u00fcrecini ve al\u0131\u015ft\u0131rmalar\u0131n\u0131 \u00e7evrimi\u00e7i olarak takip edecektir.<br \/>\nGer\u00e7ek s\u0131navlar\u0131 \u00f6rnek alan testler ve e\u011fitim modeli.[\/info_list_son][info_list_son style=&#8221;icon&#8221; titleclr=&#8221;#000000&#8243; icon=&#8221;fas fa-tag&#8221; title=&#8221;Fiyat &#8211; 275\u20ac&#8221; iconclr=&#8221;#03b3fe&#8221;]Ders materyelleri, \u00f6rnek deneme s\u0131navlar\u0131 ve de\u011ferlendirmeleri \u00fccrete dahildir.[\/info_list_son][\/info_list_father][\/vc_column_inner][\/vc_row_inner][\/vc_column][\/vc_row][vc_row full_width=&#8221;stretch_row&#8221; column_spacing=&#8221;20&#8243; css=&#8221;.vc_custom_1603892943193{background-color: #ffffff !important;}&#8221;][vc_column][vc_headings style=&#8221;theme2&#8243; linewidth=&#8221;70&#8243; borderwidth=&#8221;3&#8243; borderclr=&#8221;#f9cc57&#8243; title=&#8221;Alternatif kurs imkanlar\u0131&#8221; titlesize=&#8221;32&#8243; titleclr=&#8221;#333333&#8243; font_weight=&#8221;700&#8243; classname=&#8221;learn-1&#8243;][\/vc_headings][vc_row_inner equal_height=&#8221;yes&#8221; css=&#8221;.vc_custom_1629985895269{padding-top: 50px !important;}&#8221;][vc_column_inner width=&#8221;1\/3&#8243; el_id=&#8221;info-box-1&#8243;][mvc_infobox info_opt=&#8221;show_icon&#8221; icon_size=&#8221;65&#8243; icon_height=&#8221;90&#8243; shadow=&#8221;vc_info_box_shadow&#8221; link=&#8221;link_box&#8221; title_color=&#8221;#3da9dc&#8221; info_title=&#8221;GO! INTENSIV&#8221; title_size=&#8221;16&#8243; info_desc=&#8221;Write a short description, that will describe the title or something informational and useful.&#8221; font_icon=&#8221;stmlms-books_cl&#8221; icon_color=&#8221;#3da9dc&#8221; btn_url=&#8221;url:http%3A%2F%2Fgoforgerman.de%2Ftr%2Fgo-intensive%2F&#8221; css=&#8221;.vc_custom_1631311348297{margin-bottom: 35px !important;padding-top: 10px !important;padding-right: 35px !important;padding-left: 35px !important;}&#8221;]<\/p>\n<ul>\n<li style=\"text-align: left;\">Haftada 20 ders saati<\/li>\n<li style=\"text-align: left;\">Kurs s\u00fcresi: 5 hafta<\/li>\n<li style=\"text-align: left;\">Toplam 100 ders saati<\/li>\n<li style=\"text-align: left;\">8-12 ki\u015filik sabit s\u0131n\u0131flar<\/li>\n<li style=\"text-align: left;\">\u00dccretsiz haftal\u0131k GO! 15 konu\u015fma randevular\u0131<\/li>\n<\/ul>\n<p>&nbsp;<\/p>\n<p style=\"text-align: center;\"><em>Akademik ya da i\u015f i\u00e7in ideal ve m\u00fcmk\u00fcn olan en h\u0131zl\u0131 bi\u00e7imde Almanca \u00f6\u011frenebilece\u011fin kurs. <a href=\"https:\/\/goforgerman.de\/tr\/go-intensive\/\">Daha fazla bilgi i\u00e7in<\/a><\/em><\/p>\n<p>&nbsp;<\/p>\n<p>&nbsp;<\/p>\n<p>[\/mvc_infobox][\/vc_column_inner][vc_column_inner width=&#8221;1\/3&#8243; el_id=&#8221;info-box-2&#8243;][mvc_infobox info_opt=&#8221;show_icon&#8221; icon_size=&#8221;65&#8243; icon_height=&#8221;90&#8243; shadow=&#8221;vc_info_box_shadow&#8221; link=&#8221;link_box&#8221; title_color=&#8221;#f9cc57&#8243; info_title=&#8221;GO! SEMI INTENSIV&#8221; title_size=&#8221;16&#8243; info_desc=&#8221;Write a short description, that will describe the title or something informational and useful.&#8221; font_icon=&#8221;fa-icon-stm_icon_book&#8221; icon_color=&#8221;#f9cc57&#8243; btn_url=&#8221;url:http%3A%2F%2Fgoforgerman.de%2Ftr%2Fgo-semi-intensive%2F&#8221; css=&#8221;.vc_custom_1631311362110{margin-bottom: 35px !important;padding-top: 10px !important;padding-right: 35px !important;padding-left: 35px !important;}&#8221;]<\/p>\n<ul>\n<li style=\"text-align: left;\">Haftada 10 ders saati<\/li>\n<li style=\"text-align: left;\">Kurs s\u00fcresi: 10 hafta<\/li>\n<li style=\"text-align: left;\">Toplam 100 ders saati<\/li>\n<li style=\"text-align: left;\">8-12 ki\u015filik sabit s\u0131n\u0131flar<\/li>\n<li style=\"text-align: left;\">\u00dccretsiz haftal\u0131k GO! 15 konu\u015fma randevular\u0131<\/li>\n<\/ul>\n<p>&nbsp;<\/p>\n<p style=\"text-align: center;\"><em>E\u011fitim ya da i\u015finin yan\u0131 s\u0131ra Almancay\u0131 peki\u015ftirerek \u00f6\u011frenebilece\u011fin esnek Almanca kursu. <a href=\"https:\/\/goforgerman.de\/tr\/go-semi-intensive\/\">Daha fazla bilgi i\u00e7in<\/a><\/em><\/p>\n<p>&nbsp;<\/p>\n<p>[\/mvc_infobox][\/vc_column_inner][vc_column_inner width=&#8221;1\/3&#8243; el_id=&#8221;info-box-3&#8243;][mvc_infobox info_opt=&#8221;show_icon&#8221; icon_size=&#8221;65&#8243; icon_height=&#8221;90&#8243; shadow=&#8221;vc_info_box_shadow&#8221; link=&#8221;link_box&#8221; title_color=&#8221;#162d74&#8243; info_title=&#8221;GO! 15 \u2013 Konu\u015farak Almanca \u00d6\u011fren&#8221; title_size=&#8221;16&#8243; info_desc=&#8221;Write a short description, that will describe the title or something informational and useful.&#8221; font_icon=&#8221;stmlms-lms-clocks&#8221; icon_color=&#8221;#162d74&#8243; btn_url=&#8221;url:http%3A%2F%2Fgoforgerman.de%2Ftr%2Fgo-15min-germany%2F&#8221; css=&#8221;.vc_custom_1631311370520{margin-bottom: 35px !important;padding-top: 10px !important;padding-right: 35px !important;padding-left: 35px !important;}&#8221;]<\/p>\n<ul>\n<li style=\"text-align: left;\">Ana dili Almanca olan e\u011fitmenler ile<\/li>\n<li style=\"text-align: left;\">\u0130htiya\u00e7lar\u0131na ve ilgi alanlar\u0131na g\u00f6re uygun i\u00e7erikleri se\u00e7<\/li>\n<li style=\"text-align: left;\">TestDaF, Telc, GOETHE s\u0131navlar\u0131 i\u00e7in pratik yap<\/li>\n<li style=\"text-align: left;\">Telaffuzunu geli\u015ftir<\/li>\n<\/ul>\n<p>&nbsp;<\/p>\n<p style=\"text-align: center;\"><em>Almanca \u00f6\u011frenmenin en kolay yolu Almanca konu\u015fmak! <a href=\"https:\/\/goforgerman.de\/tr\/go-15min-germany\/\">Daha fazla bilgi i\u00e7in<\/a><\/em><\/p>\n<p>&nbsp;<\/p>\n<p>[\/mvc_infobox][\/vc_column_inner][\/vc_row_inner][\/vc_column][\/vc_row][vc_row full_width=&#8221;stretch_row&#8221; css=&#8221;.vc_custom_1603892949402{margin-bottom: -35px !important;padding-top: 50px !important;padding-bottom: 50px !important;background-color: #e0f5ff !important;}&#8221;][vc_column][vc_headings style=&#8221;theme2&#8243; linewidth=&#8221;70&#8243; borderwidth=&#8221;3&#8243; borderclr=&#8221;#f9cc57&#8243; title=&#8221;Sana yard\u0131mc\u0131 olmaktan mutluluk duyar\u0131z.&#8221; titlesize=&#8221;32&#8243; titleclr=&#8221;#333333&#8243; font_weight=&#8221;700&#8243; classname=&#8221;learn-1&#8243; caption_url=&#8221;&#8221; caption_urls=&#8221;&#8221; caption_urlss=&#8221;&#8221; caption_urldesc=&#8221;&#8221;][\/vc_headings][vc_column_text css=&#8221;.vc_custom_1631311637655{padding-top: 40px !important;}&#8221;]<\/p>\n<p style=\"text-align: center;\">M\u00fc\u015fteri hizmetlerimiz, bize y\u00f6neltece\u011fin sorular ve\/veya merak etti\u011fin konular hakk\u0131nda sana cevap vermekten mutluluk duyacakt\u0131r.<\/p>\n<p>[\/vc_column_text][vc_row_inner][vc_column_inner width=&#8221;1\/3&#8243;][\/vc_column_inner][vc_column_inner width=&#8221;1\/3&#8243;][vc_btn title=&#8221;\u0130leti\u015fime ge\u00e7&#8221; style=&#8221;theme-button&#8221; color=&#8221;sky&#8221; align=&#8221;center&#8221; i_icon_fontawesome=&#8221;fa-icon-stm_icon_phone-o&#8221; add_icon=&#8221;true&#8221; link=&#8221;url:http%3A%2F%2Fgoforgerman.de%2Ftr%2Fkontakt-aufnehmen%2F|title:%C4%B0leti%C5%9Fime%20ge%C3%A7&#8243;][\/vc_column_inner][vc_column_inner width=&#8221;1\/3&#8243;][\/vc_column_inner][\/vc_row_inner][\/vc_column][\/vc_row]<\/p>\n","protected":false},"excerpt":{"rendered":"<p>[vc_row full_width=&#8221;stretch_row&#8221; css=&#8221;.vc_custom_1608635563670{margin-top: -50px !important;}&#8221;][vc_column][\/vc_column][\/vc_row][vc_row][vc_column][vc_row_inner][vc_column_inner width=&#8221;1\/2&#8243; el_id=&#8221;learn-1&#8243;][vc_headings style=&#8221;theme2&#8243; linewidth=&#8221;70&#8243; borderwidth=&#8221;3&#8243; borderclr=&#8221;#f9cc57&#8243; title=&#8221;GO! TestDaF Haz\u0131rl\u0131k Kursu&#8221; align=&#8221;left&#8221; titlesize=&#8221;32&#8243; titleclr=&#8221;#333333&#8243; font_weight=&#8221;700&#8243;][\/vc_headings][vc_column_text] TestDaF haz\u0131rl\u0131k kursumuz, Almanya&#8217;da okumak isteyen uluslararas\u0131 ba\u015fvuru sahiplerine y\u00f6neliktir. TestDaF sertifikas\u0131, t\u00fcm Alman \u00fcniversiteleri taraf\u0131ndan \u00fcniversiteye kabul i\u00e7in tan\u0131nan bir dil sertifikas\u0131d\u0131r. TestDaF s\u0131nav\u0131na 100 \u00fclkede 500&#8217;\u00fcn \u00fczerinde test merkezinde girebilirsiniz. GOFORGERMAN&#8217;\u0131n TestDaF kursu bunun [&hellip;]<\/p>\n","protected":false},"author":2,"featured_media":0,"parent":0,"menu_order":0,"comment_status":"closed","ping_status":"closed","template":"","meta":[],"_links":{"self":[{"href":"https:\/\/goforgerman.de\/tr\/wp-json\/wp\/v2\/pages\/2588"}],"collection":[{"href":"https:\/\/goforgerman.de\/tr\/wp-json\/wp\/v2\/pages"}],"about":[{"href":"https:\/\/goforgerman.de\/tr\/wp-json\/wp\/v2\/types\/page"}],"author":[{"embeddable":true,"href":"https:\/\/goforgerman.de\/tr\/wp-json\/wp\/v2\/users\/2"}],"replies":[{"embeddable":true,"href":"https:\/\/goforgerman.de\/tr\/wp-json\/wp\/v2\/comments?post=2588"}],"version-history":[{"count":0,"href":"https:\/\/goforgerman.de\/tr\/wp-json\/wp\/v2\/pages\/2588\/revisions"}],"wp:attachment":[{"href":"https:\/\/goforgerman.de\/tr\/wp-json\/wp\/v2\/media?parent=2588"}],"curies":[{"name":"wp","href":"https:\/\/api.w.org\/{rel}","templated":true}]}}